{"id":5963,"date":"2022-08-10T15:25:39","date_gmt":"2022-08-10T13:25:39","guid":{"rendered":"http:\/\/viaregia-dev.felixschmidt.software\/datenschutzerklaerung\/"},"modified":"2022-10-21T16:13:08","modified_gmt":"2022-10-21T14:13:08","slug":"datenschutzerklaerung","status":"publish","type":"page","link":"https:\/\/viaregia-sachsen.de\/pl\/datenschutzerklaerung\/","title":{"rendered":"Datenschutzerkl\u00e4rung"},"content":{"rendered":"\n<h2 class=\"wp-block-heading\">1. Einleitung<\/h2>\n\n\n\n<p>Ihre Privatsph\u00e4re als Nutzer ist uns wichtig. Zu Ihrer Information stellen wir nachfolgend dar, in welchem Rahmen wir Daten erheben, verarbeiten und nutzen.<\/p>\n\n\n\n<p>Alle hier erhobenen Daten werden in unserem Verantwortungsbereich entsprechend den Vorschriften der Europ\u00e4ischen Datenschutz- Grundverordnung (DSGVO) und in \u00dcbereinstimmung mit den f\u00fcr uns geltenden landesspezifischen Datenschutzbestimmungen wie das Bundesdatenschutzgesetz (BDSG), das S\u00e4chsische Datenschutzgesetz (S\u00e4chsDSG) und das Telemediengesetz (TMG) behandelt.<\/p>\n\n\n\n<p>Unter personenbezogenen Daten verstehen wir Einzelangaben \u00fcber pers\u00f6nliche oder sachliche Verh\u00e4ltnisse einer bestimmten oder bestimmbaren nat\u00fcrlichen Person. Die im Rahmen der Registrierung von Nutzern gemachten Angaben werden nicht an Dritte weitergegeben.<\/p>\n\n\n\n<p>Diese Seite nutzt aus Sicherheitsgr\u00fcnden und zum Schutz der \u00dcbertragung vertraulicher Inhalte, wie zum Beispiel Bestellungen oder Anfragen, die Sie an uns als Seitenbetreiber senden, eine SSL-bzw. TLS-Verschl\u00fcsselung. Eine verschl\u00fcsselte Verbindung erkennen Sie daran, dass die Adresszeile des Browsers von \u201chttp:\/\/\u201d auf \u201chttps:\/\/\u201d wechselt und an dem Schloss-Symbol in Ihrer Browserzeile.<\/p>\n\n\n\n<p>Wenn die SSL- bzw. TLS-Verschl\u00fcsselung aktiviert ist, k\u00f6nnen die Daten, die Sie an uns \u00fcbermitteln, nicht von Dritten mitgelesen werden. Unsere Mitarbeiter sind zur Verschwiegenheit \u00fcber personenbezogene Daten verpflichtet. Eine Weitergabe dieser Daten an Dritte erfolgt nur, wenn dies f\u00fcr die Vertragserf\u00fcllung notwendig ist. Solche Dritte sind ebenfalls zur Beachtung des Datenschutzes der Nutzer verpflichtet.<\/p>\n\n\n\n<p>Alle Daten, die sich auf unseren Servern befinden und dort gehostet (also aufbewahrt) werden, sind durch hintereinander geschaltete Sicherheitssysteme vor dem Zugriff Unberechtigter gesichert.<\/p>\n\n\n\n<p>Wir k\u00fcmmern uns um die Einhaltung der Datenschutzbestimmungen in allen Bereichen. Wenn Sie Fragen haben, k\u00f6nnen Sie sich auch direkt an uns wenden.<\/p>\n\n\n\n<p>Schreiben Sie an die:<\/p>\n\n\n\n<p>VIA REGIA Begegnungsraum Landesverband Sachsen e.V.<\/p>\n\n\n\n<p>Girbigsdorfer Stra\u00dfe 43<\/p>\n\n\n\n<p>02829 Markersdorf<\/p>\n\n\n\n<p>info@viaregia-sachsen.de.<\/p>\n\n\n\n<h2 class=\"wp-block-heading\">2. Erhebung pers\u00f6nlicher Informationen<\/h2>\n\n\n\n<p>Der VIA REGIA Begegnungsraum Landesverband Sachsen e.V. erhebt, speichert und verwendet Ihre pers\u00f6nlichen Informationen, um diese Website zu betreiben und den gew\u00fcnschten Service anzubieten. Eine sonstige Auswertung der Daten, au\u00dfer f\u00fcr statistische Zwecke und dann grunds\u00e4tzlich in anonymisierter Form, erfolgt nicht.<\/p>\n\n\n\n<h2 class=\"wp-block-heading\">3. Verwendung und Weitergabe pers\u00f6nlicher Informationen<\/h2>\n\n\n\n<p>Ihre pers\u00f6nlichen Daten (z.B. Ihr Name und Ihre Adresse oder Ihre E-Mail-Adresse), die Sie uns \u00fcber diese Webseite oder per E-Mail mitteilen, werden nur zur Korrespondenz mit Ihnen und nur f\u00fcr den Zweck verarbeitet, zu dem Sie uns die Daten zur Verf\u00fcgung gestellt haben.<\/p>\n\n\n\n<p>Dar\u00fcber hinaus werden wir diese Daten f\u00fcr gelegentliche Angebote an Sie nutzen, um Sie \u00fcber andere, Sie eventuell interessierende Leistungen zu informieren. Sie sind selbstverst\u00e4ndlich berechtigt, jederzeit dieser Nutzung Ihrer Daten uns gegen\u00fcber zu widersprechen.<\/p>\n\n\n\n<p>Bitte beachten Sie, dass pers\u00f6nliche Informationen, die Sie in \u00f6ffentlich zug\u00e4nglichen Bereichen, wie dem G\u00e4stebuch oder Blog ver\u00f6ffentlichen, von anderen Benutzern missbraucht werden k\u00f6nnen.<\/p>\n\n\n\n<p>Soweit der VIA REGIA Begegnungsraum Landesverband Sachsen e.V. zur Durchf\u00fchrung bzw. Erf\u00fcllung von Aufgaben f\u00fcr sich Dienstleister in Anspruch nimmt, werden die Vertragsverh\u00e4ltnisse nach den Bestimmungen der Datenschutzgrundverordnung (DSGVO) bzw. des Bundesdatenschutzgesetzes (BDSG neu) schriftlich geregelt. In besonderen F\u00e4llen werden Sie gebeten, Ihre Einwilligung zu erteilen.<\/p>\n\n\n\n<p>Bei Vorlage einer richterlichen Anordnung ist der VIA REGIA Begegnungsraum Landesverband Sachsen e.V. berechtigt, Ihre pers\u00f6nlichen Informationen an die Strafverfolgungsbeh\u00f6rden weiter zu geben, ohne Sie davon zu informieren.<\/p>\n\n\n\n<h2 class=\"wp-block-heading\">4. Rechte der Betroffenen, Einwilligung und Widerruf<\/h2>\n\n\n\n<p>Personenbezogene Daten, die uns \u00fcber unsere Website mitgeteilt worden sind, werden nur so lange gespeichert, bis der Zweck erf\u00fcllt ist, zu dem sie uns anvertraut wurden. Soweit handels-, steuer- oder verwaltungsrechtliche Aufbewahrungsfristen zu beachten sind, kann die Speicherdauer zu bestimmten Daten bis zu 10 bzw. 30 Jahre betragen.<\/p>\n\n\n\n<p>Sollten Sie mit der Speicherung Ihrer personenbezogenen Daten nicht mehr einverstanden oder diese unrichtig geworden sein, werden wir auf Ihren entsprechenden Widerruf hin die L\u00f6schung oder Sperrung Ihrer Daten veranlassen oder die notwendigen Korrekturen vornehmen, soweit dies nach dem geltendem Recht m\u00f6glich ist. Auf Wunsch erhalten Sie unentgeltlich Auskunft \u00fcber alle personenbezogenen Daten, die wir \u00fcber Sie gespeichert haben. Senden Sie uns dazu eine E-Mail an info@viaregia-sachsen.de.<\/p>\n\n\n\n<h2 class=\"wp-block-heading\">5. Cookies<\/h2>\n\n\n\n<p>Die Internetseiten verwenden teilweise so genannte Cookies. Cookies richten auf Ihrem Rechner keinen Schaden an und enthalten keine Viren. Cookies dienen dazu, unser Angebot nutzerfreundlicher, effektiver und sicherer zu machen. Cookies sind kleine Textdateien, die auf Ihrem Rechner abgelegt werden und die Ihr Browser speichert.<\/p>\n\n\n\n<p>Die von uns verwendeten Cookies sind so genannte \u201cSession-Cookies\u201d. Sie werden nach Ende Ihres Besuchs automatisch gel\u00f6scht.<\/p>\n\n\n\n<p>Sie haben die M\u00f6glichkeit, Cookies zu akzeptieren oder zu abzulehnen. Die meisten Web-Browser akzeptieren Cookies automatisch, aber Sie k\u00f6nnen Ihren Browser so einstellen, dass er nur die Cookies der von Ihnen bevorzugten Web-Sites speichert. Falls Sie sich dazu entscheiden, Cookies abzulehnen, kann es vorkommen, dass Ihnen die Nutzung interaktiver Angebote nicht m\u00f6glich ist.<\/p>\n\n\n\n<h2 class=\"wp-block-heading\">6. Plugins und Tools<\/h2>\n\n\n\n<h3 class=\"wp-block-heading\">YouTube<\/h3>\n\n\n\n<p>Unsere Website nutzt Plugins der von Google betriebenen Seite YouTube. Betreiber der Seiten ist die YouTube, LLC, 901 Cherry Ave., San Bruno, CA 94066, USA.<\/p>\n\n\n\n<p>Wenn Sie eine unserer mit einem YouTube-Plugin ausgestatteten Seiten besuchen, wird eine Verbindung zu den Servern von YouTube hergestellt. Dabei wird dem YouTube-Server mitgeteilt, welche unserer Seiten Sie besucht haben.<\/p>\n\n\n\n<p>Wenn Sie in Ihrem YouTube-Account eingeloggt sind, erm\u00f6glichen Sie YouTube, Ihr Surfverhalten direkt Ihrem pers\u00f6nlichen Profil zuzuordnen. Dies k\u00f6nnen Sie verhindern, indem Sie sich aus Ihrem YouTube-Account ausloggen.<\/p>\n\n\n\n<p>Die Nutzung von YouTube erfolgt im Interesse einer ansprechenden Darstellung unserer Online-Angebote. Dies stellt ein berechtigtes Interesse im Sinne von Art. 6 Abs. 1 lit. f DSGVO dar.<\/p>\n\n\n\n<p>Weitere Informationen zum Umgang mit Nutzerdaten finden Sie in der Datenschutzerkl\u00e4rung von YouTube unter: https:\/\/www.google.de\/intl\/de\/policies\/privacy.<\/p>\n\n\n\n<h3 class=\"wp-block-heading\">Google Maps<\/h3>\n\n\n\n<p>Diese Seite nutzt \u00fcber eine API den Kartendienst Google Maps. Anbieter ist die Google Inc., 1600 Amphitheatre Parkway, Mountain View, CA 94043, USA.<\/p>\n\n\n\n<p>Zur Nutzung der Funktionen von Google Maps ist es notwendig, Ihre IP Adresse zu speichern. Diese Informationen werden in der Regel an einen Server von Google in den USA \u00fcbertragen und dort gespeichert. Der Anbieter dieser Seite hat keinen Einfluss auf diese Daten\u00fcbertragung.<\/p>\n\n\n\n<p>Die Nutzung von Google Maps erfolgt im Interesse einer ansprechenden Darstellung unserer Online-Angebote und an einer leichten Auffindbarkeit der von uns auf der Website angegebenen Orte. Dies stellt ein berechtigtes Interesse im Sinne von Art. 6 Abs. 1 lit. f DSGVO dar.<\/p>\n\n\n\n<p>Mehr Informationen zum Umgang mit Nutzerdaten finden Sie in der Datenschutzerkl\u00e4rung von Google: https:\/\/www.google.de\/intl\/de\/policies\/privacy\/.<\/p>\n\n\n\n<h2 class=\"wp-block-heading\">7. Server-Log-Dateien<\/h2>\n\n\n\n<p>Unser Web-Server erhebt und speichert automatisch Informationen in so genannten Server-Log-Dateien, die Ihr Browser automatisch an uns \u00fcbermittelt. Dies sind:<\/p>\n\n\n\n<p>\u2013 Browsertyp und Browserversion<\/p>\n\n\n\n<p>\u2013 verwendetes Betriebssystem<\/p>\n\n\n\n<p>\u2013 Referrer URL<\/p>\n\n\n\n<p>\u2013 Hostname des zugreifenden Rechners<\/p>\n\n\n\n<p>\u2013 Uhrzeit der Serveranfrage<\/p>\n\n\n\n<p>\u2013 IP-Adresse<\/p>\n\n\n\n<p>Eine Zusammenf\u00fchrung dieser Daten mit anderen Datenquellen wird nicht vorgenommen.<\/p>\n\n\n\n<p>Grundlage f\u00fcr die Datenverarbeitung ist Art. 6 Abs. 1 lit. b DSGVO, der die Verarbeitung von Daten zur Erf\u00fcllung eines Vertrags oder vorvertraglicher Ma\u00dfnahmen gestattet.<\/p>\n\n\n\n<h2 class=\"wp-block-heading\">8. Kontaktformular<\/h2>\n\n\n\n<p>Wenn Sie uns per Kontaktformular Anfragen zukommen lassen, werden Ihre Angaben aus dem Anfrageformular inklusive der von Ihnen dort angegebenen Kontaktdaten zwecks Bearbeitung der Anfrage und f\u00fcr den Fall von Anschlussfragen bei uns gespeichert. Diese Daten geben wir nicht ohne Ihre Einwilligung weiter.<\/p>\n\n\n\n<p>Die Verarbeitung der in das Kontaktformular eingegebenen Daten erfolgt somit ausschlie\u00dflich auf Grundlage Ihrer Einwilligung (Art. 6 Abs. 1 lit. a DSGVO). Sie k\u00f6nnen diese Einwilligung jederzeit widerrufen. Dazu reicht eine formlose Mitteilung per E-Mail an uns. Die Rechtm\u00e4\u00dfigkeit der bis zum Widerruf erfolgten Datenverarbeitungsvorg\u00e4nge bleibt vom Widerruf unber\u00fchrt.<\/p>\n\n\n\n<p>Die von Ihnen im Kontaktformular eingegebenen Daten verbleiben bei uns, bis Sie uns zur L\u00f6schung auffordern, Ihre Einwilligung zur Speicherung widerrufen oder der Zweck f\u00fcr die Datenspeicherung entf\u00e4llt (z.B. nach abgeschlossener Bearbeitung Ihrer Anfrage). Zwingende gesetzliche Bestimmungen \u2013 insbesondere Aufbewahrungsfristen \u2013 bleiben unber\u00fchrt.<\/p>\n\n\n\n<h2 class=\"wp-block-heading\">9. Haftungsausschluss<\/h2>\n\n\n\n<p>Wir verweisen gelegentlich auf die Webseiten Dritter. Obwohl wir diese Dritten sorgf\u00e4ltig aussuchen, k\u00f6nnen wir keine Gew\u00e4hr und Haftung f\u00fcr die Richtigkeit bzw. Vollst\u00e4ndigkeit der Inhalte und die Datensicherheit von Websites Dritter \u00fcbernehmen. Auch gilt diese Datenschutzerkl\u00e4rung nicht f\u00fcr verlinkte Webseiten Dritter. Alle auf dieser Website enthaltenen Informationen wurden mit gro\u00dfer Sorgfalt gepr\u00fcft. Wir \u00fcbernehmen jedoch keine Gew\u00e4hr daf\u00fcr, dass die Inhalte unserer eigenen Webseiten jederzeit korrekt, vollst\u00e4ndig und auf dem neuesten Stand sind. Substantielle \u00c4nderungen dieser Datenschutzerkl\u00e4rung werden zeitnah online an dieser Stelle aktualisiert.<\/p>\n\n\n\n<h2 class=\"wp-block-heading\">10. Auskunfstrecht<\/h2>\n\n\n\n<p>Gerne geben wir Ihnen Auskunft dar\u00fcber, ob und welche personenbezogenen Daten von Ihnen bei uns gespeichert sind. Unter den Voraussetzungen der Bestimmungen des BDSG k\u00f6nnen Sie dar\u00fcber hinaus gegebenenfalls ein Recht auf Berichtigung, Sperrung oder L\u00f6schung dieser Daten geltend machen. Auf Anforderung machen wir Ihnen au\u00dferdem gerne unser \u00f6ffentliches Verfahrensverzeichnis zug\u00e4nglich, in dem wir die nach Art. 15 DSGVO erforderlichen Angaben zusammengefasst haben.<\/p>\n\n\n\n<h2 class=\"wp-block-heading\">11. Fragen und Kommentare<\/h2>\n\n\n\n<p>F\u00fcr Fragen, Anregungen oder Kommentare zum Thema Datenschutz wenden Sie sich bitte per E-Mail an den VIA REGIA Begegnungsraum Landesverband Sachsen e.V., Girbigsdorfer Stra\u00dfe 43, 02829 Markersdorf.<\/p>\n\n\n\n<p>Telefon: 03581 \/ 740060<\/p>\n\n\n\n<p>E-Mail: info@viaregia-sachsen.de<\/p>\n","protected":false},"excerpt":{"rendered":"<p>1. Einleitung Ihre Privatsph\u00e4re als Nutzer ist uns wichtig. Zu Ihrer Information stellen wir nachfolgend dar, in welchem Rahmen wir Daten erheben, verarbeiten und nutzen. Alle hier erhobenen Daten werden in unserem Verantwortungsbereich entsprechend den Vorschriften der Europ\u00e4ischen Datenschutz- Grundverordnung (DSGVO) und in \u00dcbereinstimmung mit den f\u00fcr uns geltenden landesspezifischen Datenschutzbestimmungen wie das Bundesdatenschutzgesetz (BDSG),&hellip;<\/p>\n","protected":false},"author":1,"featured_media":0,"parent":0,"menu_order":0,"comment_status":"closed","ping_status":"open","template":"","meta":{"footnotes":""},"class_list":["post-5963","page","type-page","status-publish","hentry","description-off"],"_links":{"self":[{"href":"https:\/\/viaregia-sachsen.de\/pl\/wp-json\/wp\/v2\/pages\/5963","targetHints":{"allow":["GET"]}}],"collection":[{"href":"https:\/\/viaregia-sachsen.de\/pl\/wp-json\/wp\/v2\/pages"}],"about":[{"href":"https:\/\/viaregia-sachsen.de\/pl\/wp-json\/wp\/v2\/types\/page"}],"author":[{"embeddable":true,"href":"https:\/\/viaregia-sachsen.de\/pl\/wp-json\/wp\/v2\/users\/1"}],"replies":[{"embeddable":true,"href":"https:\/\/viaregia-sachsen.de\/pl\/wp-json\/wp\/v2\/comments?post=5963"}],"version-history":[{"count":1,"href":"https:\/\/viaregia-sachsen.de\/pl\/wp-json\/wp\/v2\/pages\/5963\/revisions"}],"predecessor-version":[{"id":5974,"href":"https:\/\/viaregia-sachsen.de\/pl\/wp-json\/wp\/v2\/pages\/5963\/revisions\/5974"}],"wp:attachment":[{"href":"https:\/\/viaregia-sachsen.de\/pl\/wp-json\/wp\/v2\/media?parent=5963"}],"curies":[{"name":"wp","href":"https:\/\/api.w.org\/{rel}","templated":true}]}}