{"id":5958,"date":"2022-08-15T14:22:02","date_gmt":"2022-08-15T12:22:02","guid":{"rendered":"http:\/\/viaregia-dev.felixschmidt.software\/impressum\/"},"modified":"2023-12-06T13:54:04","modified_gmt":"2023-12-06T12:54:04","slug":"impressum","status":"publish","type":"page","link":"https:\/\/viaregia-sachsen.de\/pl\/impressum\/","title":{"rendered":"Impressum"},"content":{"rendered":"<div class=\"wpb-content-wrapper\"><p>[vc_row][vc_column css=&#8221;.vc_custom_1664368822007{margin: 20px !important;background-color: #990033 !important;}&#8221;]<div id=\"ultimate-heading-439369da7ff65ef8e\" class=\"uvc-heading ult-adjust-bottom-margin ultimate-heading-439369da7ff65ef8e uvc-3052 \" data-hspacer=\"no_spacer\"  data-halign=\"left\" style=\"text-align:left\"><div class=\"uvc-heading-spacer no_spacer\" style=\"top\"><\/div><div class=\"uvc-main-heading ult-responsive\"  data-ultimate-target='.uvc-heading.ultimate-heading-439369da7ff65ef8e h2'  data-responsive-json-new='{\"font-size\":\"desktop:26px;\",\"line-height\":\"desktop:36px;\"}' ><h2 style=\"font-weight:bold;color:#ffffff;margin-top:20px;margin-bottom:20px;\">VIA REGIA Begegnungsraum - Landesverband Sachsen e.V.<\/h2><\/div><div class=\"uvc-sub-heading ult-responsive\"  data-ultimate-target='.uvc-heading.ultimate-heading-439369da7ff65ef8e .uvc-sub-heading '  data-responsive-json-new='{\"font-size\":\"desktop:20px;\",\"line-height\":\"\"}'  style=\"font-weight:normal;color:#ffffff;margin-bottom:20px;\">Impressum<\/div><\/div>[\/vc_column][\/vc_row][vc_row][vc_column width=&#8221;1\/2&#8243;][vc_column_text]<strong>Vereinsanschrift<\/strong><\/p>\n<p>Schloss K\u00f6nigshain<br \/>\nDorfstra\u00dfe 29<br \/>\n02829 K\u00f6nigshain<\/p>\n<p>Tel. +49 35826 64686<br \/>\n<a href=\"mailto:info@viaregia-sachsen.de\">info@viaregia-sachsen.de<\/a><\/p>\n<p>Eintrag im Vereinsregister Nr. VR 6717 am Amtsgericht Dresden<\/p>\n<p>&nbsp;<\/p>\n<p><strong>Vertretungsberechtigter Vorstand<\/strong><br \/>\n<strong>Vorsitzende <\/strong><\/p>\n<p>Romy Pietsch<br \/>\nReichertstra\u00dfe 44<br \/>\nD-02826 Goerlitz<\/p>\n<p>Telefon: +49 170 7267 019<br \/>\n<a href=\"mailto:Romy.Pietsch@viaregia-sachsen.de\">Romy.Pietsch@viaregia-sachsen.de<\/a><\/p>\n<p><strong>2. Vorsitzender<\/strong><\/p>\n<p>Dr. Gottfried Wei\u00df<br \/>\nAlbertstra\u00dfe 20 O1097 Dresden<\/p>\n<p>Tel: +49 351 802 22 99<br \/>\n<a href=\"mailto:Gwd52@t-online.de\">Gwd52@t-online.de<\/a><\/p>\n<p><strong>Schatzmeister <\/strong><\/p>\n<p>Rolf Domke,<br \/>\nAm Schlo\u00df 20<br \/>\n02829 Markersdorf<\/p>\n<p>Tel: +49 35829 64 76 0<br \/>\n<a href=\"mailto:rd@finanzconsultant-domke.de\">rd@finanzconsultant-domke.de<\/a><\/p>\n<p><strong>Bankverbindung<\/strong><\/p>\n<p>Niederschlesische Sparkasse G\u00f6rlitz<br \/>\nIBAN: DE39850501000030005094<br \/>\nBIC:WELADED1GRL<\/p>\n<p><strong>Bildnachweis<\/strong><\/p>\n<ul>\n<li>Vintage books on bookshelves in old library &#8211; BigStock &#8211; maxxyustas (425080238)<\/li>\n<li>Paragraph sign with loupe and books. Searching, justice and law concept. &#8211; BigStock &#8211; maxxyustas (397461485)<\/li>\n<li>Happy business team joining gear wheels to show concept of teamwork and collaboration &#8211; BigStock &#8211; StudioRomantic (443280791)<\/li>\n<li>Happy group of young students studying together in a college library and looking at camera smiling &#8211; BigStock &#8211; Rido81 (14507900)<\/li>\n<li>Books on table in libary for studying education and learning open for reading &#8211; BigStock &#8211; eric1513 (256071121)<\/li>\n<li>Journalist Report Interview. New Broadcasting Reporter. Journalism And Press &#8211; BigStock &#8211; AndreyPopov (444966590)<\/li>\n<li>Group of happy young people saying Come here, smiling and doing an inviting gesture &#8211; BigStock &#8211; StudioRomantic (457213383)<\/li>\n<li>Join us Joining Membership Recruitment Hiring Concept &#8211; BigStock &#8211; Rawpixel.com (127072577)<\/li>\n<\/ul>\n<p><strong>Verantwortlich f\u00fcr den Inhalt gem\u00e4\u00df \u00a7 6 MDStV<\/strong><\/p>\n<p>VIA REGIA Begegnungsraum &#8211; Landesverband Sachsen e.V.<br \/>\nTrotz sorgf\u00e4ltiger inhaltlicher Kontrolle \u00fcbernehmen wir keine Haftung f\u00fcr die Inhalte externer Links. F\u00fcr den Inhalt der verlinkten Seiten sind ausschlie\u00dflich deren Betreiber verantwortlich.<\/p>\n<p><strong>Urheberrecht<\/strong><\/p>\n<p>Das Layout der Homepage, die verwendeten Grafiken sowie alle Inhalte sind urheberrechtlich gesch\u00fctzt. Die Seiten d\u00fcrfen nur zum eigenen Gebrauch vervielf\u00e4ltigt, \u00c4nderungen nicht vorgenommen und Vervielf\u00e4ltigungsst\u00fccke ohne Genehmigung nicht verbreitet werden. Die Texte f\u00fcr St\u00e4dte und Gemeinden wurden uns von den Kommunen zur Verf\u00fcgung gestellt.[\/vc_column_text][\/vc_column][vc_column width=&#8221;1\/2&#8243;][vc_row_inner][vc_column_inner][vc_column_text]<strong>Technische Umsetzung:<\/strong><\/p>\n<p><strong>Felix Schmidt Software Engineering<\/strong><br \/>\n<span class=\"font-weight-light\">App development around Apple devices.<\/span><\/p>\n<p><strong>Web:<\/strong> <a href=\"https:\/\/felixschmidt.software\/\" target=\"_blank\" rel=\"noopener\">www.felixschmidt.software<\/a>[\/vc_column_text][vc_separator color=&#8221;custom&#8221; accent_color=&#8221;#990033&#8243; css=&#8221;.vc_custom_1666800329967{margin-top: 20px !important;margin-bottom: 20px !important;}&#8221;][vc_column_text]<b>Diese Ma\u00dfnahme wird mitfinanziert durch Steuermittel auf der Grundlage des vom S\u00e4chsischen Landtag beschlossenen Haushaltes.<\/b>[\/vc_column_text][vc_empty_space height=&#8221;16px&#8221;][\/vc_column_inner][\/vc_row_inner][vc_row_inner][vc_column_inner width=&#8221;1\/2&#8243;][vc_column_text]<strong>&#8222;Freistaat Sachsen&#8221;<\/strong><\/p>\n<p><img loading=\"lazy\" decoding=\"async\" class=\"alignnone wp-image-6043\" src=\"https:\/\/viaregia-sachsen.de\/wp-content\/uploads\/2022\/10\/Foerdermittelgeber-sachsen-150x150.png\" alt=\"\" width=\"150\" height=\"167\" srcset=\"https:\/\/viaregia-sachsen.de\/wp-content\/uploads\/2022\/10\/Foerdermittelgeber-sachsen-269x300.png 269w, https:\/\/viaregia-sachsen.de\/wp-content\/uploads\/2022\/10\/Foerdermittelgeber-sachsen.png 500w\" sizes=\"auto, (max-width: 150px) 100vw, 150px\" \/><\/p>\n<p>[\/vc_column_text][\/vc_column_inner][vc_column_inner width=&#8221;1\/2&#8243;][vc_column_text]<strong>&#8222;Europ\u00e4ische Union&#8221;<\/strong><\/p>\n<p><img loading=\"lazy\" decoding=\"async\" class=\"alignnone wp-image-6049 size-thumbnail\" src=\"https:\/\/viaregia-sachsen.de\/wp-content\/uploads\/2022\/10\/Foerdermittelgeber-europa-Logo-150x150.gif\" alt=\"\" width=\"150\" height=\"150\" \/>[\/vc_column_text][\/vc_column_inner][\/vc_row_inner][\/vc_column][\/vc_row][vc_row][vc_column][vc_empty_space][\/vc_column][\/vc_row]<\/p>\n<\/div>","protected":false},"excerpt":{"rendered":"<p>[vc_row][vc_column css=&#8221;.vc_custom_1664368822007{margin: 20px !important;background-color: #990033 !important;}&#8221;][\/vc_column][\/vc_row][vc_row][vc_column width=&#8221;1\/2&#8243;][vc_column_text]Vereinsanschrift Schloss K\u00f6nigshain Dorfstra\u00dfe 29 02829 K\u00f6nigshain Tel. +49 35826 64686 info@viaregia-sachsen.de Eintrag im Vereinsregister Nr. VR 6717 am Amtsgericht Dresden &nbsp; Vertretungsberechtigter Vorstand Vorsitzende Romy Pietsch Reichertstra\u00dfe 44 D-02826 Goerlitz Telefon: +49 170 7267 019 Romy.Pietsch@viaregia-sachsen.de 2. Vorsitzender Dr. Gottfried Wei\u00df Albertstra\u00dfe 20 O1097 Dresden Tel: +49 351&hellip;<\/p>\n","protected":false},"author":1,"featured_media":0,"parent":0,"menu_order":0,"comment_status":"closed","ping_status":"closed","template":"","meta":{"footnotes":""},"class_list":["post-5958","page","type-page","status-publish","hentry","description-off"],"_links":{"self":[{"href":"https:\/\/viaregia-sachsen.de\/pl\/wp-json\/wp\/v2\/pages\/5958","targetHints":{"allow":["GET"]}}],"collection":[{"href":"https:\/\/viaregia-sachsen.de\/pl\/wp-json\/wp\/v2\/pages"}],"about":[{"href":"https:\/\/viaregia-sachsen.de\/pl\/wp-json\/wp\/v2\/types\/page"}],"author":[{"embeddable":true,"href":"https:\/\/viaregia-sachsen.de\/pl\/wp-json\/wp\/v2\/users\/1"}],"replies":[{"embeddable":true,"href":"https:\/\/viaregia-sachsen.de\/pl\/wp-json\/wp\/v2\/comments?post=5958"}],"version-history":[{"count":15,"href":"https:\/\/viaregia-sachsen.de\/pl\/wp-json\/wp\/v2\/pages\/5958\/revisions"}],"predecessor-version":[{"id":6418,"href":"https:\/\/viaregia-sachsen.de\/pl\/wp-json\/wp\/v2\/pages\/5958\/revisions\/6418"}],"wp:attachment":[{"href":"https:\/\/viaregia-sachsen.de\/pl\/wp-json\/wp\/v2\/media?parent=5958"}],"curies":[{"name":"wp","href":"https:\/\/api.w.org\/{rel}","templated":true}]}}