{"id":3234,"date":"2022-08-15T14:28:05","date_gmt":"2022-08-15T12:28:05","guid":{"rendered":"http:\/\/viaregia-dev.felixschmidt.software\/deklaracja-misji-turystyczne\/"},"modified":"2022-08-15T14:28:05","modified_gmt":"2022-08-15T12:28:05","slug":"deklaracja-misji-turystyczne","status":"publish","type":"page","link":"https:\/\/viaregia-sachsen.de\/pl\/deklaracja-misji-turystyczne\/","title":{"rendered":"Deklaracja misji turystyczne"},"content":{"rendered":"<div class=\"wpb-content-wrapper\"><p>[vc_row][vc_column css=&#8221;.vc_custom_1664358009926{margin-top: 20px !important;margin-bottom: 30px !important;background-color: rgba(153,0,51,0.8) !important;*background-color: rgb(153,0,51) !important;}&#8221;]<div id=\"ultimate-heading-231669da800af1bbf\" class=\"uvc-heading ult-adjust-bottom-margin ultimate-heading-231669da800af1bbf uvc-3252 \" data-hspacer=\"no_spacer\"  data-halign=\"left\" style=\"text-align:left\"><div class=\"uvc-heading-spacer no_spacer\" style=\"top\"><\/div><div class=\"uvc-main-heading ult-responsive\"  data-ultimate-target='.uvc-heading.ultimate-heading-231669da800af1bbf h2'  data-responsive-json-new='{\"font-size\":\"desktop:26px;\",\"line-height\":\"desktop:36px;\"}' ><h2 style=\"font-weight:bold;color:#ffffff;margin-top:20px;margin-bottom:20px;\">Idea\u0142y szlaku turystycznego Via Regia<\/h2><\/div><\/div>[\/vc_column][\/vc_row][vc_row][vc_column][vc_column_text]<\/p>\n<p><span style=\"color: #990033;\"><strong>Byli\u015bmy <\/strong><\/span><\/p>\n<p>najbardziej znacz\u0105cym \u0142\u0105cznikiem pomi\u0119dzy Wschodem i Zachodem, kt\u00f3ry pe\u0142ni\u0142 funkcj\u0119 szlaku komunikacyjnego dla kr\u00f3l\u00f3w i armii, handlarzy i pielgrzym\u00f3w przez ca\u0142\u0105 Europ\u0119 od Kijowa do Santiago de Compostela i tym samym miejscem spotkania dla r\u00f3\u017cnych narodowo\u015bci. Drog\u0105, dzi\u0119ki kt\u00f3rej powsta\u0142o wiele znacz\u0105cych miast i kt\u00f3ra wywar\u0142a trwa\u0142y wp\u0142yw na sztuk\u0119, kultur\u0119, tradycje, rzemios\u0142o i architektur\u0119 poszczeg\u00f3lnych kraj\u00f3w, przez kt\u00f3re prowadzi\u0142a. <\/p>\n<p><span style=\"color: #990033;\"><strong>Dzi\u015b jeste\u015bmy <\/strong><\/span><\/p>\n<p>Mi\u0119dzynarodowym nowoczesnym korytarzem prowadz\u0105cym przez UE, w kt\u00f3rym zapomnieniu uleg\u0142o znaczenie historyczne szlaku handlowego mi\u0119dzy odleg\u0142ymi krajami, kt\u00f3re jednak dzi\u0119ki swojej kulturalnej, naturalnej i krajobrazowej r\u00f3\u017cnorodno\u015bci oraz kulturalno-historycznej atrakcyjno\u015bci dysponuje du\u017cym potencja\u0142em pozwalaj\u0105cym na poznanie tradycyjnych i wsp\u00f3\u0142czesnych element\u00f3w \u0142\u0105cz\u0105cych kraje UE.<\/p>\n<p><strong><span style=\"color: #990033;\">Jutro b\u0119dziemy<\/span> <\/strong><\/p>\n<p>Konkurencyjnym, turystycznym systemem produktu wzd\u0142u\u017c szlaku, kt\u00f3ry w swoim zakresie jest w ca\u0142ej Europie unikatowy i \u0142\u0105czy ze sob\u0105 siedem kultur i kraj\u00f3w Europy.<\/p>\n<p><span style=\"color: #990033;\"><strong>Chcemy<\/strong> <\/span><\/p>\n<p>Przypomnie\u0107 historyczne znaczenie Via Regia, rozwin\u0105\u0107 j\u0105 jako szlak turystyczny i tym samym na nowo o\u017cywi\u0107. Jej rozw\u00f3j powinien przyczyni\u0107 si\u0119 do porozumienia mi\u0119dzy narodami i mentalnej jedno\u015bci Europy. <\/p>\n<p><span style=\"color: #990033;\"><strong>Zobowi\u0105zujemy si\u0119 <\/strong> <\/span><\/p>\n<p>Chroni\u0107 dziedzictwo kulturalne i turystyk\u0119 wzd\u0142u\u017c Via Regia ukierunkowan\u0105 na \u015brodowisko naturalne, spo\u0142eczn\u0105 akceptacj\u0119 i jako\u015b\u0107.<\/p>\n<p><strong><span style=\"color: #990033;\">B\u0119dziemy<\/span> <\/strong><\/p>\n<p>Wykorzystywa\u0107 i rozbudowywa\u0107 potencja\u0142 i szanse wzd\u0142u\u017c szlaku oraz tworzy\u0107 sie\u0107 produkt\u00f3w i producent\u00f3w, kt\u00f3ra spe\u0142nia najwy\u017csze standardy jako\u015bci; przyczynia\u0107 si\u0119 do rozbudowy ca\u0142o\u015bciowej infrastruktury turystycznej poszczeg\u00f3lnych obszar\u00f3w wzd\u0142u\u017c szlaku i w ten spos\u00f3b d\u0142ugoterminowo polepsza\u0107 jako\u015b\u0107 \u017cycia okolicznych mieszka\u0144c\u00f3w; promowa\u0107 regionaln\u0105, narodow\u0105 i mi\u0119dzynarodow\u0105 komunikacj\u0119 oraz interkulturaln\u0105 wymian\u0119 w dziedzinie turystki i innych sfer \u017cycia.<\/p>\n<p>[\/vc_column_text][\/vc_column][\/vc_row][vc_row][vc_column][vc_empty_space][\/vc_column][\/vc_row]<\/p>\n<\/div>","protected":false},"excerpt":{"rendered":"<p>[vc_row][vc_column css=&#8221;.vc_custom_1664358009926{margin-top: 20px !important;margin-bottom: 30px !important;background-color: rgba(153,0,51,0.8) !important;*background-color: rgb(153,0,51) !important;}&#8221;][\/vc_column][\/vc_row][vc_row][vc_column][vc_column_text] Byli\u015bmy najbardziej znacz\u0105cym \u0142\u0105cznikiem pomi\u0119dzy Wschodem i Zachodem, kt\u00f3ry pe\u0142ni\u0142 funkcj\u0119 szlaku komunikacyjnego dla kr\u00f3l\u00f3w i armii, handlarzy i pielgrzym\u00f3w przez ca\u0142\u0105 Europ\u0119 od Kijowa do Santiago de Compostela i tym samym miejscem spotkania dla r\u00f3\u017cnych narodowo\u015bci. Drog\u0105, dzi\u0119ki kt\u00f3rej powsta\u0142o wiele znacz\u0105cych miast i&hellip;<\/p>\n","protected":false},"author":1,"featured_media":0,"parent":0,"menu_order":0,"comment_status":"closed","ping_status":"closed","template":"","meta":{"footnotes":""},"class_list":["post-3234","page","type-page","status-publish","hentry","description-off"],"_links":{"self":[{"href":"https:\/\/viaregia-sachsen.de\/pl\/wp-json\/wp\/v2\/pages\/3234","targetHints":{"allow":["GET"]}}],"collection":[{"href":"https:\/\/viaregia-sachsen.de\/pl\/wp-json\/wp\/v2\/pages"}],"about":[{"href":"https:\/\/viaregia-sachsen.de\/pl\/wp-json\/wp\/v2\/types\/page"}],"author":[{"embeddable":true,"href":"https:\/\/viaregia-sachsen.de\/pl\/wp-json\/wp\/v2\/users\/1"}],"replies":[{"embeddable":true,"href":"https:\/\/viaregia-sachsen.de\/pl\/wp-json\/wp\/v2\/comments?post=3234"}],"version-history":[{"count":0,"href":"https:\/\/viaregia-sachsen.de\/pl\/wp-json\/wp\/v2\/pages\/3234\/revisions"}],"wp:attachment":[{"href":"https:\/\/viaregia-sachsen.de\/pl\/wp-json\/wp\/v2\/media?parent=3234"}],"curies":[{"name":"wp","href":"https:\/\/api.w.org\/{rel}","templated":true}]}}