{"id":3218,"date":"2022-08-15T14:27:45","date_gmt":"2022-08-15T12:27:45","guid":{"rendered":"http:\/\/viaregia-dev.felixschmidt.software\/idealy-programu-szlaku-kulturowego\/"},"modified":"2022-10-28T19:55:01","modified_gmt":"2022-10-28T17:55:01","slug":"idealy-programu-szlaku-kulturowego","status":"publish","type":"page","link":"https:\/\/viaregia-sachsen.de\/pl\/idealy-programu-szlaku-kulturowego\/","title":{"rendered":"Idea\u0142y Programu Szlaku Kulturowego"},"content":{"rendered":"<div class=\"wpb-content-wrapper\"><p>[vc_row][vc_column css=&#8221;.vc_custom_1664358009926{margin-top: 20px !important;margin-bottom: 30px !important;background-color: rgba(153,0,51,0.8) !important;*background-color: rgb(153,0,51) !important;}&#8221;]<div id=\"ultimate-heading-326869da7fc2714c8\" class=\"uvc-heading ult-adjust-bottom-margin ultimate-heading-326869da7fc2714c8 uvc-6144 \" data-hspacer=\"no_spacer\"  data-halign=\"left\" style=\"text-align:left\"><div class=\"uvc-heading-spacer no_spacer\" style=\"top\"><\/div><div class=\"uvc-main-heading ult-responsive\"  data-ultimate-target='.uvc-heading.ultimate-heading-326869da7fc2714c8 h2'  data-responsive-json-new='{\"font-size\":\"desktop:26px;\",\"line-height\":\"desktop:36px;\"}' ><h2 style=\"font-weight:bold;color:#ffffff;margin-top:20px;margin-bottom:20px;\">Deklaracja misji Szlaki kulturowe<\/h2><\/div><\/div>[\/vc_column][\/vc_row][vc_row][vc_column][vc_column_text]<\/p>\n<p class=\"p1\">Od roku 1987 Rada Europy wyr\u00f3\u017cnia mi\u0119dzynarodowe sieci jako \u201e<b>Szlaki Kulturowe Rady Europy<\/b>\u201c, kt\u00f3re szlaki te o\u017cywiaj\u0105 wsp\u00f3\u0142pracuj\u0105c interdyscyplinarnie w zakresie turystyki (kulturalnej), bada\u0144 historycznych, sztuki i kultury, wymiany obywatelskiej i wymiany m\u0142odzie\u017cy.<\/p>\n<p class=\"p1\">Szlak Kulturowy Rady Europy jest mi\u0119dzynarodowym projektem wsp\u00f3\u0142pracy w dziedzinie<\/p>\n<ul class=\"ul1\">\n<li class=\"li2\">kultury,<\/li>\n<li class=\"li2\">edukacji,<\/li>\n<li class=\"li2\">dziedzictwa i<\/li>\n<li class=\"li2\">turystyki,<\/li>\n<\/ul>\n<p class=\"p1\">Jego celem jest rozwijanie i wspieranie jednej b\u0105d\u017a wielu tras opartych na<\/p>\n<ul class=\"ul1\">\n<li class=\"li2\">szlakach historycznych,<\/li>\n<li class=\"li2\">kulturowej koncepcji,<\/li>\n<li class=\"li2\">osobowo\u015bci lub<\/li>\n<li class=\"li2\">fenomenie<\/li>\n<\/ul>\n<p class=\"p3\">o znaczeniu transgranicznym dla zrozumienia i poszanowania wsp\u00f3lnych<\/p>\n<p class=\"p3\">rozwija\u0107 i promowa\u0107 warto\u015bci europejskie oraz podnosi\u0107 \u015bwiadomo\u015b\u0107 wsp\u00f3lnego<\/p>\n<p class=\"p3\">Kultura europejska.<\/p>\n<p class=\"p3\">W 1987 roku, na sugesti\u0119 Rady Europy, Droga Pielgrzym\u00f3w do Santiago de Compostela<\/p>\n<p class=\"p3\">zosta\u0142 zainaugurowany jako pierwszy Europejski Szlak Kulturowy.<br \/>\nObecnie istnieje ponad 38 Szlak\u00f3w Kulturowych Rady Europy.<\/p>\n<p class=\"p3\">25 z tych tras ma cz\u0142onk\u00f3w w Niemczech.<\/p>\n<p class=\"p1\">Certyfikacja \u201eSzlaku Kulturowego Rady Europy\u201d stanowi gwarancj\u0119 jako\u015bci. Sieci te realizuj\u0105 innowacyjne akcje i projekty w ramach pi\u0119ciu obszar\u00f3w dzia\u0142ania:<\/p>\n<ul class=\"ul1\">\n<li class=\"li2\"><span class=\"s2\">wsp\u00f3\u0142praca w ramach dzia\u0142alno\u015bci badawczej i rozwojowej<\/span><\/li>\n<li class=\"li2\"><span class=\"s2\">wzmacnianie \u015bwiadomo\u015bci europejskiej historii i dziedzictwa europejskiego,<\/span><\/li>\n<li class=\"li2\"><span class=\"s2\">wymiana kulturowa i edukacyjna dla m\u0142odych Europejczyk\u00f3w<\/span><\/li>\n<li class=\"li2\"><span class=\"s2\">wsp\u00f3\u0142czesna sztuka i kultura,<\/span><\/li>\n<li class=\"li2\"><span class=\"s2\">turystyka kulturowa i zr\u00f3wnowa\u017cony rozw\u00f3j kulturalny.<\/span><\/li>\n<\/ul>\n<p class=\"p3\">Swoim programem Rada Europy oferuje mi\u0119dzynarodowy model zarz\u0105dzania kultur\u0105 i turystyk\u0105 pozwalaj\u0105cy na synergi\u0119 pomi\u0119dzy urz\u0119dami krajowymi, regionalnymi i lokalnymi oraz du\u017cej liczbie stowarzysze\u0144 i innych podmiot\u00f3w o charakterze spo\u0142eczno-ekonomicznym.<\/p>\n<p class=\"p1\"><span class=\"s3\"><b>Cele i warto\u015bci Rady Europy<\/b><\/span><\/p>\n<p>Poprzez podr\u00f3\u017c w czasie i przestrzeni program Szlak\u00f3w Kulturowych ukazuje, w jaki spos\u00f3b dziedzictwo r\u00f3\u017cnych kraj\u00f3w europejskich przyczynia si\u0119 do wsp\u00f3lnego dziedzictwa kulturowego.<\/p>\n<p>Szlaki Kulturowe realizuj\u0105 fundamentalne zasady Rady Europy:<\/p>\n<ul class=\"ul1\">\n<li class=\"li2\"><span class=\"s2\">prawa cz\u0142owieka,<\/span><\/li>\n<li class=\"li2\"><span class=\"s2\">demokracja w kulturze,<\/span><\/li>\n<li class=\"li2\"><span class=\"s2\">kulturowa r\u00f3\u017cnorodno\u015b\u0107 i to\u017csamo\u015b\u0107 oraz<\/span><\/li>\n<li class=\"li2\"><span class=\"s2\">wzajemna wymiana i wzbogacanie ponad granicami i wiekami.<\/span><\/li>\n<\/ul>\n<p class=\"p1\">Pe\u0142ni\u0105 one funkcje platform dla interkulturalnego dialogu i wspieraj\u0105 wiedz\u0119 na temat europejskiej kulturowej to\u017csamo\u015bci oraz jej zrozumienie.<\/p>\n<p>Szlaki Kulturowe chroni\u0105 i podkre\u015blaj\u0105 znaczenie naturalnego i kulturowego dziedzictwa Europy jako czynnika poprawy przestrzeni \u017cyciowych oraz \u017ar\u00f3d\u0142a kulturowego, spo\u0142ecznego i ekonomicznego rozwoju.<\/p>\n<p>Programem Szlak\u00f3w Kulturowych Rada Europy zapewnia idea\u0142y zarz\u0105dzania kultur\u0105 i turystyk\u0105. Program czerpie korzy\u015bci ze efektywnej wsp\u00f3\u0142pracy z Uni\u0105 Europejsk\u0105 i wiod\u0105cymi organizacjami mi\u0119dzynarodowymi.<\/p>\n<p class=\"p6\"><strong>Program Szlak\u00f3w Kulturowych Rady Europy<\/strong><\/p>\n<p class=\"p7\"><span class=\"s4\"> <a href=\"https:\/\/www.coe.int\/de\/web\/cultural-routes\/about\"><span class=\"s5\">https:\/\/www.coe.int\/de\/web\/cultural-routes\/about<\/span><\/a><\/span><\/p>\n<p class=\"p1\"><strong>Jako oficjalny dokument podstaw\u0119 programu stanowi<\/strong><\/p>\n<p class=\"p8\"><span class=\"s6\">die \u201e<a href=\"https:\/\/search.coe.int\/cm\/Pages\/result_details.aspx?ObjectId=09000016805c69fe\"><span class=\"s7\">Resolution CM\/Res(2013)67 \u00fcber die Kulturrouten des Europarates<\/span><\/a>\u201c <\/span><\/p>\n<p class=\"p9\"><b>\u201eRezolucja CM\/Res(2013)67 zmieniaj\u0105ca zasady przyznawania certyfikacji \u201eSzlaku Kulturowego Rady Europy \u201d<\/b><\/p>\n<p class=\"p10\"><i>(Akceptacja Komitetu Ministr\u00f3w z dnia 18 grudnia 2013r.)<\/i><\/p>\n<p class=\"p1\">bazowe.<\/p>\n<p>[\/vc_column_text][\/vc_column][\/vc_row][vc_row][vc_column][vc_empty_space][\/vc_column][\/vc_row]<\/p>\n<\/div>","protected":false},"excerpt":{"rendered":"<p>[vc_row][vc_column css=&#8221;.vc_custom_1664358009926{margin-top: 20px !important;margin-bottom: 30px !important;background-color: rgba(153,0,51,0.8) !important;*background-color: rgb(153,0,51) !important;}&#8221;][\/vc_column][\/vc_row][vc_row][vc_column][vc_column_text] Od roku 1987 Rada Europy wyr\u00f3\u017cnia mi\u0119dzynarodowe sieci jako \u201eSzlaki Kulturowe Rady Europy\u201c, kt\u00f3re szlaki te o\u017cywiaj\u0105 wsp\u00f3\u0142pracuj\u0105c interdyscyplinarnie w zakresie turystyki (kulturalnej), bada\u0144 historycznych, sztuki i kultury, wymiany obywatelskiej i wymiany m\u0142odzie\u017cy. Szlak Kulturowy Rady Europy jest mi\u0119dzynarodowym projektem wsp\u00f3\u0142pracy w dziedzinie kultury, edukacji,&hellip;<\/p>\n","protected":false},"author":1,"featured_media":0,"parent":0,"menu_order":0,"comment_status":"closed","ping_status":"closed","template":"","meta":{"footnotes":""},"class_list":["post-3218","page","type-page","status-publish","hentry","description-off"],"_links":{"self":[{"href":"https:\/\/viaregia-sachsen.de\/pl\/wp-json\/wp\/v2\/pages\/3218","targetHints":{"allow":["GET"]}}],"collection":[{"href":"https:\/\/viaregia-sachsen.de\/pl\/wp-json\/wp\/v2\/pages"}],"about":[{"href":"https:\/\/viaregia-sachsen.de\/pl\/wp-json\/wp\/v2\/types\/page"}],"author":[{"embeddable":true,"href":"https:\/\/viaregia-sachsen.de\/pl\/wp-json\/wp\/v2\/users\/1"}],"replies":[{"embeddable":true,"href":"https:\/\/viaregia-sachsen.de\/pl\/wp-json\/wp\/v2\/comments?post=3218"}],"version-history":[{"count":1,"href":"https:\/\/viaregia-sachsen.de\/pl\/wp-json\/wp\/v2\/pages\/3218\/revisions"}],"predecessor-version":[{"id":6126,"href":"https:\/\/viaregia-sachsen.de\/pl\/wp-json\/wp\/v2\/pages\/3218\/revisions\/6126"}],"wp:attachment":[{"href":"https:\/\/viaregia-sachsen.de\/pl\/wp-json\/wp\/v2\/media?parent=3218"}],"curies":[{"name":"wp","href":"https:\/\/api.w.org\/{rel}","templated":true}]}}