{"id":1750,"date":"2022-08-15T14:23:40","date_gmt":"2022-08-15T12:23:40","guid":{"rendered":"http:\/\/viaregia-dev.felixschmidt.software\/o-nas\/"},"modified":"2022-08-15T14:23:40","modified_gmt":"2022-08-15T12:23:40","slug":"o-nas","status":"publish","type":"page","link":"https:\/\/viaregia-sachsen.de\/pl\/o-nas\/","title":{"rendered":"O nas"},"content":{"rendered":"<div class=\"wpb-content-wrapper\"><p>[vc_row][vc_column css=&#8221;.vc_custom_1664358009926{margin-top: 20px !important;margin-bottom: 30px !important;background-color: rgba(153,0,51,0.8) !important;*background-color: rgb(153,0,51) !important;}&#8221;]<div id=\"ultimate-heading-887469da6e831b9ca\" class=\"uvc-heading ult-adjust-bottom-margin ultimate-heading-887469da6e831b9ca uvc-1269 \" data-hspacer=\"no_spacer\"  data-halign=\"left\" style=\"text-align:left\"><div class=\"uvc-heading-spacer no_spacer\" style=\"top\"><\/div><div class=\"uvc-main-heading ult-responsive\"  data-ultimate-target='.uvc-heading.ultimate-heading-887469da6e831b9ca h2'  data-responsive-json-new='{\"font-size\":\"desktop:26px;\",\"line-height\":\"desktop:36px;\"}' ><h2 style=\"font-weight:bold;color:#ffffff;margin-top:20px;margin-bottom:20px;\">Krajowy Zwi\u0105zek Saksonii<\/h2><\/div><\/div>[\/vc_column][\/vc_row][vc_row][vc_column][vc_column_text]<\/p>\n<p>W G\u00f6rlitz w grudniu 2003 r. za\u0142o\u017cono stowarzyszenie VIA REGIA Begegnungsraum &#8211; Landesverband Sachsen \/ VIA REGIA Miejsce spotka\u0144 \u2013 Krajowy Zwi\u0105zek Saksonii. Celem tego stowarzyszenia jest badanie i o\u017cywianie szlaku Via Regia, zwanego te\u017c Wysok\u0105 Drog\u0105, w jego kszta\u0142cie historycznym, ale tak\u017ce jako nowoczesnego po\u0142\u0105czenia Wschodu i Zachodu Europy. W organizacji tej zrzeszyli si\u0119 przedstawiciele grup interes\u00f3w, gmin, wy\u017cszych uczelni, ko\u015bcio\u0142\u00f3w, stowarzysze\u0144 oraz dzia\u0142acze, od lat zaanga\u017cowani w temacie Via Regia.  <\/p>\n<p>Rozumiemy nasz\u0105 rol\u0119 jako miejsce kontakt\u00f3w na rzecz rozwijania partnerskiej sieci wsp\u00f3\u0142pracy zar\u00f3wno w Saksonii, jak i na szczeblu ponadregionalnym i mi\u0119dzynarodowym wzd\u0142u\u017c szlaku Via Regia. Nasz Krajowy Zwi\u0105zek utrzymuje \u015bcis\u0142y kontakt z &#8222;Europ\u00e4isches Kultur- und Informationszentrum in Th\u00fcringen&#8221; \/ &#8222;Europejskim Centrum Kultury i Informacji w Turyngii&#8221; oraz stowarzyszeniem &#8222;VIA REGIA &#8211; Kultur f\u00fcr Europa&#8221; \/ &#8222;VIA REGIA &#8211; kultura dla Europy&#8221;. <\/p>\n<p>[\/vc_column_text][vc_empty_space][vc_row_inner content_placement=&#8221;middle&#8221;][vc_column_inner width=&#8221;1\/2&#8243;][vc_column_text]<\/p>\n<p>Stara europejska magistrala Wsch\u00f3d-Zach\u00f3d \u0142\u0105czy Pary\u017c z Kijowem. Na zachodnim odcinku szlak Via Regia przechodzi w Drog\u0119 \u015bw. Jakuba, kt\u00f3ra wiod\u0142a pielgrzym\u00f3w z ca\u0142ej Europy do Santiago de Compostela. Id\u0105c szlakiem Via Regia na wsch\u00f3d a\u017c do Kijowa, jeszcze nie osi\u0105gniemy granicy Europy. Wysoka Droga, jak nazywano szlak Via Regia na odcinku \u015brodkowoeuropejskim, pozostawi\u0142a swe \u015blady w p\u00f3\u0142nocnej cz\u0119\u015bci Saksonii, od Lipska po G\u00f6rlitz.   <\/p>\n<p>[\/vc_column_text][\/vc_column_inner][vc_column_inner width=&#8221;1\/2&#8243;][vc_single_image image=&#8221;1609&#8243; img_size=&#8221;full&#8221; alignment=&#8221;center&#8221;][\/vc_column_inner][\/vc_row_inner][vc_empty_space][vc_column_text]Warto jest zbiera\u0107, bada\u0107 i rozpowszechnia\u0107 informacje na temat historii i wsp\u00f3\u0142czesno\u015bci tego szlaku. Via Regia mo\u017ce si\u0119 znowu ukszta\u0142towa\u0107 jako t\u0119tni\u0105ca \u017cyciem o\u015b spotka\u0144, dzi\u0119ki inicjatywom w dziedzinie kultury i edukacji, turystyki, wymianie wynik\u00f3w bada\u0144 naukowych i pracy nad transgranicznymi projektami. Via Regia, jako miejsce spotka\u0144, mo\u017ce sta\u0107 si\u0119 kr\u00f3lewsk\u0105 drog\u0105 Europy.  [\/vc_column_text][\/vc_column][\/vc_row][vc_row][vc_column][vc_empty_space][\/vc_column][\/vc_row]<\/p>\n<\/div>","protected":false},"excerpt":{"rendered":"<p>[vc_row][vc_column css=&#8221;.vc_custom_1664358009926{margin-top: 20px !important;margin-bottom: 30px !important;background-color: rgba(153,0,51,0.8) !important;*background-color: rgb(153,0,51) !important;}&#8221;][\/vc_column][\/vc_row][vc_row][vc_column][vc_column_text] W G\u00f6rlitz w grudniu 2003 r. za\u0142o\u017cono stowarzyszenie VIA REGIA Begegnungsraum &#8211; Landesverband Sachsen \/ VIA REGIA Miejsce spotka\u0144 \u2013 Krajowy Zwi\u0105zek Saksonii. Celem tego stowarzyszenia jest badanie i o\u017cywianie szlaku Via Regia, zwanego te\u017c Wysok\u0105 Drog\u0105, w jego kszta\u0142cie historycznym, ale tak\u017ce jako nowoczesnego&hellip;<\/p>\n","protected":false},"author":1,"featured_media":0,"parent":0,"menu_order":0,"comment_status":"closed","ping_status":"closed","template":"","meta":{"footnotes":""},"class_list":["post-1750","page","type-page","status-publish","hentry","description-off"],"_links":{"self":[{"href":"https:\/\/viaregia-sachsen.de\/pl\/wp-json\/wp\/v2\/pages\/1750","targetHints":{"allow":["GET"]}}],"collection":[{"href":"https:\/\/viaregia-sachsen.de\/pl\/wp-json\/wp\/v2\/pages"}],"about":[{"href":"https:\/\/viaregia-sachsen.de\/pl\/wp-json\/wp\/v2\/types\/page"}],"author":[{"embeddable":true,"href":"https:\/\/viaregia-sachsen.de\/pl\/wp-json\/wp\/v2\/users\/1"}],"replies":[{"embeddable":true,"href":"https:\/\/viaregia-sachsen.de\/pl\/wp-json\/wp\/v2\/comments?post=1750"}],"version-history":[{"count":0,"href":"https:\/\/viaregia-sachsen.de\/pl\/wp-json\/wp\/v2\/pages\/1750\/revisions"}],"wp:attachment":[{"href":"https:\/\/viaregia-sachsen.de\/pl\/wp-json\/wp\/v2\/media?parent=1750"}],"curies":[{"name":"wp","href":"https:\/\/api.w.org\/{rel}","templated":true}]}}