{"id":3232,"date":"2022-08-15T14:28:05","date_gmt":"2022-08-15T12:28:05","guid":{"rendered":"http:\/\/viaregia-dev.felixschmidt.software\/charte-du-tourisme\/"},"modified":"2022-08-15T14:28:05","modified_gmt":"2022-08-15T12:28:05","slug":"charte-du-tourisme","status":"publish","type":"page","link":"https:\/\/viaregia-sachsen.de\/fr\/charte-du-tourisme\/","title":{"rendered":"Charte du tourisme"},"content":{"rendered":"<div class=\"wpb-content-wrapper\"><p>[vc_row][vc_column css=\u00a0\u00bb.vc_custom_1664358009926{margin-top: 20px !important;margin-bottom: 30px !important;background-color: rgba(153,0,51,0.8) !important;*background-color: rgb(153,0,51) !important;}\u00a0\u00bb]<div id=\"ultimate-heading-692969da7fdaba594\" class=\"uvc-heading ult-adjust-bottom-margin ultimate-heading-692969da7fdaba594 uvc-9242 \" data-hspacer=\"no_spacer\"  data-halign=\"left\" style=\"text-align:left\"><div class=\"uvc-heading-spacer no_spacer\" style=\"top\"><\/div><div class=\"uvc-main-heading ult-responsive\"  data-ultimate-target='.uvc-heading.ultimate-heading-692969da7fdaba594 h2'  data-responsive-json-new='{\"font-size\":\"desktop:26px;\",\"line-height\":\"desktop:36px;\"}' ><h2 style=\"font-weight:bold;color:#ffffff;margin-top:20px;margin-bottom:20px;\">Charte de la route touristique de la Via Regia<\/h2><\/div><\/div>[\/vc_column][\/vc_row][vc_row][vc_column][vc_column_text]<\/p>\n<p><span style=\"color: #990033;\"><strong>Nous \u00e9tions <\/strong><\/span><\/p>\n<p>la plus importante liaison est-ouest, la voie de communication des rois et des arm\u00e9es, des commer\u00e7ants et des p\u00e8lerins qui traversaient l&rsquo;Europe, la route qui reliait Kiev \u00e0 Saint-Jacques-de-Compostelle et favorisait les contacts entre les personnes de diff\u00e9rentes nationalit\u00e9s. Une route qui a donn\u00e9 naissance \u00e0 de nombreuses villes importantes et influenc\u00e9 durablement l&rsquo;art, la culture, les traditions, l&rsquo;artisanat et l&rsquo;architecture des diff\u00e9rents pays qu&rsquo;elle traversait. <\/p>\n<p><span style=\"color: #990033;\"><strong>Nous sommes aujourd&rsquo;hui <\/strong><\/span><\/p>\n<p>un corridor transnational de type moderne qui traverse l&rsquo;Union Europ\u00e9enne, dans laquelle l&rsquo;importance historique de cette voie commerciale \u00e0 longue distance est tomb\u00e9e dans l&rsquo;oubli, mais qui permet de mieux conna\u00eetre ce qui relie aujourd\u2019hui comme hier les diff\u00e9rents pays europ\u00e9ens gr\u00e2ce \u00e0 la diversit\u00e9 des cultures et des paysages qu\u2019il traverse et l\u2019attrait de son histoire.<\/p>\n<p><strong><span style=\"color: #990033;\">Nous serons demain<\/span> <\/strong><\/p>\n<p>un ensemble d\u2019offres touristiques comp\u00e9titif le long de cette route, unique en Europe par son ampleur, qui relie sept cultures et pays europ\u00e9ens.<\/p>\n<p><span style=\"color: #990033;\"><strong>Nous voulons<\/strong> <\/span><\/p>\n<p>rappeler aux gens l&rsquo;importance historique de la Via Regia, la d\u00e9velopper en tant qu&rsquo;itin\u00e9raire touristique et lui donner ainsi une nouvelle vie. Cette route doit contribuer \u00e0 l&rsquo;entente entre les peuples et leur permettre de percevoir l\u2019Europe comme une entit\u00e9. <\/p>\n<p><span style=\"color: #990033;\"><strong>Nous nous engageons <\/strong> <\/span><\/p>\n<p>\u00e0 pr\u00e9server le patrimoine culturel et \u00e0 favoriser un tourisme de qualit\u00e9, respectueux de l&rsquo;environnement et socialement acceptable, le long de la Via Regia.<\/p>\n<p><strong><span style=\"color: #990033;\">Nous allons<\/span> <\/strong><\/p>\n<p>utiliser les potentiels et les opportunit\u00e9s qui se pr\u00e9senteront le long de l&rsquo;itin\u00e9raire, les d\u00e9velopper et cr\u00e9er un r\u00e9seau de produits et de producteurs qui r\u00e9pondent aux exigences de qualit\u00e9 les plus \u00e9lev\u00e9es ; contribuer au d\u00e9veloppement d&rsquo;une infrastructure touristique dans les diff\u00e9rentes r\u00e9gions le long de l&rsquo;itin\u00e9raire et am\u00e9liorer ainsi \u00e9galement \u00e0 long terme la qualit\u00e9 de vie des habitants ; promouvoir la communication r\u00e9gionale, nationale et internationale et les \u00e9changes interculturels dans le domaine du tourisme et des autres secteurs.<\/p>\n<p>[\/vc_column_text][\/vc_column][\/vc_row][vc_row][vc_column][vc_empty_space][\/vc_column][\/vc_row]<\/p>\n<\/div>","protected":false},"excerpt":{"rendered":"<p>[vc_row][vc_column css=\u00a0\u00bb.vc_custom_1664358009926{margin-top: 20px !important;margin-bottom: 30px !important;background-color: rgba(153,0,51,0.8) !important;*background-color: rgb(153,0,51) !important;}\u00a0\u00bb][\/vc_column][\/vc_row][vc_row][vc_column][vc_column_text] Nous \u00e9tions la plus importante liaison est-ouest, la voie de communication des rois et des arm\u00e9es, des commer\u00e7ants et des p\u00e8lerins qui traversaient l&rsquo;Europe, la route qui reliait Kiev \u00e0 Saint-Jacques-de-Compostelle et favorisait les contacts entre les personnes de diff\u00e9rentes nationalit\u00e9s. Une route qui a&hellip;<\/p>\n","protected":false},"author":1,"featured_media":0,"parent":0,"menu_order":0,"comment_status":"closed","ping_status":"closed","template":"","meta":{"footnotes":""},"class_list":["post-3232","page","type-page","status-publish","hentry","description-off"],"_links":{"self":[{"href":"https:\/\/viaregia-sachsen.de\/fr\/wp-json\/wp\/v2\/pages\/3232","targetHints":{"allow":["GET"]}}],"collection":[{"href":"https:\/\/viaregia-sachsen.de\/fr\/wp-json\/wp\/v2\/pages"}],"about":[{"href":"https:\/\/viaregia-sachsen.de\/fr\/wp-json\/wp\/v2\/types\/page"}],"author":[{"embeddable":true,"href":"https:\/\/viaregia-sachsen.de\/fr\/wp-json\/wp\/v2\/users\/1"}],"replies":[{"embeddable":true,"href":"https:\/\/viaregia-sachsen.de\/fr\/wp-json\/wp\/v2\/comments?post=3232"}],"version-history":[{"count":0,"href":"https:\/\/viaregia-sachsen.de\/fr\/wp-json\/wp\/v2\/pages\/3232\/revisions"}],"wp:attachment":[{"href":"https:\/\/viaregia-sachsen.de\/fr\/wp-json\/wp\/v2\/media?parent=3232"}],"curies":[{"name":"wp","href":"https:\/\/api.w.org\/{rel}","templated":true}]}}