{"id":3219,"date":"2022-08-15T14:27:45","date_gmt":"2022-08-15T12:27:45","guid":{"rendered":"http:\/\/viaregia-dev.felixschmidt.software\/leitbild-kulturroutenprogramm\/"},"modified":"2022-10-28T19:54:22","modified_gmt":"2022-10-28T17:54:22","slug":"leitbild-kulturroutenprogramm","status":"publish","type":"page","link":"https:\/\/viaregia-sachsen.de\/fr\/leitbild-kulturroutenprogramm\/","title":{"rendered":"Leitbild Kulturroutenprogramm"},"content":{"rendered":"<div class=\"wpb-content-wrapper\"><p>[vc_row][vc_column css=\u00a0\u00bb.vc_custom_1664358009926{margin-top: 20px !important;margin-bottom: 30px !important;background-color: rgba(153,0,51,0.8) !important;*background-color: rgb(153,0,51) !important;}\u00a0\u00bb]<div id=\"ultimate-heading-601569da801beb83d\" class=\"uvc-heading ult-adjust-bottom-margin ultimate-heading-601569da801beb83d uvc-3703 \" data-hspacer=\"no_spacer\"  data-halign=\"left\" style=\"text-align:left\"><div class=\"uvc-heading-spacer no_spacer\" style=\"top\"><\/div><div class=\"uvc-main-heading ult-responsive\"  data-ultimate-target='.uvc-heading.ultimate-heading-601569da801beb83d h2'  data-responsive-json-new='{\"font-size\":\"desktop:26px;\",\"line-height\":\"desktop:36px;\"}' ><h2 style=\"font-weight:bold;color:#ffffff;margin-top:20px;margin-bottom:20px;\">Leitbild Kulturstra\u00dfen<\/h2><\/div><\/div>[\/vc_column][\/vc_row][vc_row][vc_column][vc_column_text]<\/p>\n<p class=\"p1\">Seit 1987 zeichnet der Europarat internationale Netzwerke als \u201e<b>Kulturrouten des Europarates<\/b>\u201c aus, die diese Routen lebendig werden lassen, indem sie interdisziplin\u00e4r im Bereich (Kultur-)Tourismus, historische Forschung, Kunst und Kultur, B\u00fcrger- und Jugendaustausch zusammenarbeiten.<\/p>\n<p class=\"p1\">Eine Kulturroute des Europarates ist ein Projekt der internationalen Zusammenarbeit in den Bereichen<\/p>\n<ul class=\"ul1\">\n<li class=\"li2\">Kultur,<\/li>\n<li class=\"li2\">Bildung,<\/li>\n<li class=\"li2\">Erbe und<\/li>\n<li class=\"li2\">Tourismus,<\/li>\n<\/ul>\n<p class=\"p1\">das darauf abzielt, eine oder mehrere Reiserouten auf der Grundlage<\/p>\n<ul class=\"ul1\">\n<li class=\"li2\">historischer Wege,<\/li>\n<li class=\"li2\">eines kulturellen Konzepts,<\/li>\n<li class=\"li2\">einer Pers\u00f6nlichkeit oder<\/li>\n<li class=\"li2\">eines Ph\u00e4nomens<\/li>\n<\/ul>\n<p class=\"p3\">von grenz\u00fcberschreitender Bedeutung f\u00fcr das Verst\u00e4ndnis und die Achtung gemeinsamer<\/p>\n<p class=\"p3\">europ\u00e4ischer Werte zu entwickeln und zu f\u00f6rdern und das Bewusstsein f\u00fcr eine gemeinsame<\/p>\n<p class=\"p3\">europ\u00e4ische Kultur zu wecken.<\/p>\n<p class=\"p3\">1987 wurde auf Vorschlag des Europarats der Pilgerweg nach Santiago de Compostela<\/p>\n<p class=\"p3\">als erste europ\u00e4ische Kulturroute eingeweiht. Mittlerweile gibt es \u00fcber 38 Kulturrouten des Europarates.<\/p>\n<p class=\"p3\">25 dieser Routen haben Mitglieder in Deutschland.<\/p>\n<p class=\"p1\">Die Zertifizierung als \u201cKulturroute des Europarates\u201c ist eine Qualit\u00e4tsgarantie. Die Netzwerke realisieren innovative Aktivit\u00e4ten und Projekte in f\u00fcnf Handlungsfeldern:<\/p>\n<ul class=\"ul1\">\n<li class=\"li2\"><span class=\"s2\">Kooperation bei Forschung und Entwicklung,<\/span><\/li>\n<li class=\"li2\"><span class=\"s2\">St\u00e4rkung des Bewusstseins f\u00fcr europ\u00e4ische Geschichte und europ\u00e4isches Erbe,<\/span><\/li>\n<li class=\"li2\"><span class=\"s2\">Kultur- und Bildungsaustausche f\u00fcr junge Europ\u00e4erinnen und Europ\u00e4er,<\/span><\/li>\n<li class=\"li2\"><span class=\"s2\">zeitgen\u00f6ssische Kunst und Kultur,<\/span><\/li>\n<li class=\"li2\"><span class=\"s2\">Kulturtourismus und nachhaltige kulturelle Entwicklung.<\/span><\/li>\n<\/ul>\n<p class=\"p3\">Durch sein Programm bietet der Europarat ein Modell f\u00fcr transnationales Kultur- und Tourismusmanagement und erm\u00f6glicht Synergien zwischen nationalen, regionalen und lokalen Beh\u00f6rden sowie einer gro\u00dfen Anzahl Verb\u00e4nde und anderer sozio\u00f6konomischer Akteure.<\/p>\n<p class=\"p1\"><span class=\"s3\"><b>Ziele und Werte des Europarats<\/b><\/span><\/p>\n<p>Das Kulturroutenprogramm demonstriert in Form einer Reise durch Raum und Zeit, wie das Erbe der verschiedenen L\u00e4nder Europas zum gemeinsamen Kulturerbe beitr\u00e4gt.<\/p>\n<p>Die Kulturrouten setzen die fundamentalen Prinzipien des Europarats um:<\/p>\n<ul class=\"ul1\">\n<li class=\"li2\"><span class=\"s2\">Menschenrechte,<\/span><\/li>\n<li class=\"li2\"><span class=\"s2\">kulturelle Demokratie,<\/span><\/li>\n<li class=\"li2\"><span class=\"s2\">kulturelle Vielfalt und Identit\u00e4t sowie<\/span><\/li>\n<li class=\"li2\"><span class=\"s2\">gegenseitiger Austausch und Bereicherung \u00fcber Grenzen und Jahrhunderte hinweg.<\/span><\/li>\n<\/ul>\n<p class=\"p1\">Sie fungieren als Plattformen f\u00fcr interkulturellen Dialog und f\u00f6rdern das Wissen \u00fcber sowie das Verst\u00e4ndnis von einer europ\u00e4ischen kulturellen Identit\u00e4t.<\/p>\n<p>Die Kulturrouten sch\u00fctzen und betonen Europas Natur- und Kulturerbe als Faktor f\u00fcr die Verbesserung der Lebensr\u00e4ume sowie Quelle der kulturellen, sozialen und wirtschaftlichen Entwicklung.<\/p>\n<p>Mit dem Kulturroutenprogramm bietet der Europarat ein Leitbild f\u00fcr Kultur- und Tourismusmanagement an.<\/p>\n<p>Das Programm profitiert von einer effektiven Zusammenarbeit mit der Europ\u00e4ischen Union und f\u00fchrenden internationalen Organisationen.<\/p>\n<p class=\"p6\"><strong>Programm der Kulturrouten des Europarates<\/strong><\/p>\n<p class=\"p7\"><span class=\"s4\"> <a href=\"https:\/\/www.coe.int\/de\/web\/cultural-routes\/about\"><span class=\"s5\">https:\/\/www.coe.int\/de\/web\/cultural-routes\/about<\/span><\/a><\/span><\/p>\n<p class=\"p1\"><strong>Als offizielles Dokument liegt dem Programm<\/strong><\/p>\n<p class=\"p8\"><span class=\"s6\">die \u201e<a href=\"https:\/\/search.coe.int\/cm\/Pages\/result_details.aspx?ObjectId=09000016805c69fe\"><span class=\"s7\">Resolution CM\/Res(2013)67 \u00fcber die Kulturrouten des Europarates<\/span><\/a>\u201c <\/span><\/p>\n<p class=\"p9\"><b>\u00dcberarbeitung der Regeln f\u00fcr die Verleihung der Zertifizierung \u00ab\u00a0Kulturroute des Europarates\u00a0\u00bb<\/b><\/p>\n<p class=\"p10\"><i>(Angenommen vom Ministerkomitee am 18. Dezember 2013)<\/i><\/p>\n<p class=\"p1\">zugrunde.<\/p>\n<p>[\/vc_column_text][\/vc_column][\/vc_row][vc_row][vc_column][vc_empty_space][\/vc_column][\/vc_row]<\/p>\n<\/div>","protected":false},"excerpt":{"rendered":"<p>[vc_row][vc_column css=\u00a0\u00bb.vc_custom_1664358009926{margin-top: 20px !important;margin-bottom: 30px !important;background-color: rgba(153,0,51,0.8) !important;*background-color: rgb(153,0,51) !important;}\u00a0\u00bb][\/vc_column][\/vc_row][vc_row][vc_column][vc_column_text] Seit 1987 zeichnet der Europarat internationale Netzwerke als \u201eKulturrouten des Europarates\u201c aus, die diese Routen lebendig werden lassen, indem sie interdisziplin\u00e4r im Bereich (Kultur-)Tourismus, historische Forschung, Kunst und Kultur, B\u00fcrger- und Jugendaustausch zusammenarbeiten. Eine Kulturroute des Europarates ist ein Projekt der internationalen Zusammenarbeit in den&hellip;<\/p>\n","protected":false},"author":1,"featured_media":0,"parent":0,"menu_order":0,"comment_status":"closed","ping_status":"closed","template":"","meta":{"footnotes":""},"class_list":["post-3219","page","type-page","status-publish","hentry","description-off"],"_links":{"self":[{"href":"https:\/\/viaregia-sachsen.de\/fr\/wp-json\/wp\/v2\/pages\/3219","targetHints":{"allow":["GET"]}}],"collection":[{"href":"https:\/\/viaregia-sachsen.de\/fr\/wp-json\/wp\/v2\/pages"}],"about":[{"href":"https:\/\/viaregia-sachsen.de\/fr\/wp-json\/wp\/v2\/types\/page"}],"author":[{"embeddable":true,"href":"https:\/\/viaregia-sachsen.de\/fr\/wp-json\/wp\/v2\/users\/1"}],"replies":[{"embeddable":true,"href":"https:\/\/viaregia-sachsen.de\/fr\/wp-json\/wp\/v2\/comments?post=3219"}],"version-history":[{"count":2,"href":"https:\/\/viaregia-sachsen.de\/fr\/wp-json\/wp\/v2\/pages\/3219\/revisions"}],"predecessor-version":[{"id":6125,"href":"https:\/\/viaregia-sachsen.de\/fr\/wp-json\/wp\/v2\/pages\/3219\/revisions\/6125"}],"wp:attachment":[{"href":"https:\/\/viaregia-sachsen.de\/fr\/wp-json\/wp\/v2\/media?parent=3219"}],"curies":[{"name":"wp","href":"https:\/\/api.w.org\/{rel}","templated":true}]}}