{"id":1748,"date":"2022-08-15T14:23:40","date_gmt":"2022-08-15T12:23:40","guid":{"rendered":"http:\/\/viaregia-dev.felixschmidt.software\/a-propos-de-nous\/"},"modified":"2022-10-28T19:45:51","modified_gmt":"2022-10-28T17:45:51","slug":"a-propos-de-nous","status":"publish","type":"page","link":"https:\/\/viaregia-sachsen.de\/fr\/a-propos-de-nous\/","title":{"rendered":"\u00c0 propos de nous"},"content":{"rendered":"<div class=\"wpb-content-wrapper\"><p>[vc_row][vc_column css=\u00a0\u00bb.vc_custom_1664358009926{margin-top: 20px !important;margin-bottom: 30px !important;background-color: rgba(153,0,51,0.8) !important;*background-color: rgb(153,0,51) !important;}\u00a0\u00bb]<div id=\"ultimate-heading-474169da6e8ea5f5c\" class=\"uvc-heading ult-adjust-bottom-margin ultimate-heading-474169da6e8ea5f5c uvc-4180 \" data-hspacer=\"no_spacer\"  data-halign=\"left\" style=\"text-align:left\"><div class=\"uvc-heading-spacer no_spacer\" style=\"top\"><\/div><div class=\"uvc-main-heading ult-responsive\"  data-ultimate-target='.uvc-heading.ultimate-heading-474169da6e8ea5f5c h2'  data-responsive-json-new='{\"font-size\":\"desktop:26px;\",\"line-height\":\"desktop:36px;\"}' ><h2 style=\"font-weight:bold;color:#ffffff;margin-top:20px;margin-bottom:20px;\">L\u2019association VIA REGIA espace de rencontres \u2013 comit\u00e9 regional pour la Saxe<\/h2><\/div><\/div>[\/vc_column][\/vc_row][vc_row][vc_column][vc_column_text]<\/p>\n<p>A \u00e9t\u00e9 fond\u00e9e \u00e0 G\u00f6rlitz en d\u00e9cembre 2003. Elle a pour objet de promovoir l\u2019\u00e9tude et la revitalisation de la Via Regia, aussi appel\u00e9e \u00ab Route haute \u00bb comme voie historique tout comme axe est-ouest contemporaine. Dans le cadre de l\u2019association se sont regroup\u00e9s (r\u00e9unis), communes, universit\u00e9s, eglises, associations et autres acteures qui s\u2019engagent d\u00e9j\u00e0 depuis de nombreuses ann\u00e9es sur le th\u00e9me de la Via Regia.<\/p>\n<p>Nous nous comprenons comme point de rencontre pour d\u00e9velopper un r\u00e9seau aussi bien en Saxe qu\u2019 entre des partenaires interr\u00e9gionaux et internationaux. Le comit\u00e9 r\u00e9gional pour la Saxe entretient des rapports \u00e9troits avec le Centre Europ\u00e9en de culture et d\u2019information en Thuringe et l\u2019association \u00ab VIA REGIA \u2013 culture pour l\u2018Europe \u00bb.<\/p>\n<p>[\/vc_column_text][vc_empty_space][vc_row_inner content_placement=\u00a0\u00bbmiddle\u00a0\u00bb][vc_column_inner width=\u00a0\u00bb1\/2&Prime;][vc_column_text]<\/p>\n<p>L\u2019ancienne voie de commerce Est-Ouest relie Paris \u00e0 Kiew. A l\u2019Ouest la Via Regia trouve son prolongement dans le chemin de St-Jaques sur lequel aboutissent des itin\u00e9raires de p\u00e8lerinage de toute l\u2019Europe. Quand on suit la Via Regia vers l\u2019Est jusque\u2019 \u00e0 Kiew la fronti\u00e8re de l\u2019Europe n\u2019est pas encore atteinte. La \u00ab Route Haute \u00bb comme se d\u00e9nomme la Via Regia sur son parcours (tronVon) central laissa ses traces dans le Nord de la Saxe de Leipzig jusque\u2019\u00e0 G\u00f6rlitz.<\/p>\n<p>[\/vc_column_text][\/vc_column_inner][vc_column_inner width=\u00a0\u00bb1\/2&Prime;][vc_single_image image=\u00a0\u00bb1609&Prime; img_size=\u00a0\u00bbfull\u00a0\u00bb alignment=\u00a0\u00bbcenter\u00a0\u00bb][\/vc_column_inner][\/vc_row_inner][vc_empty_space][vc_column_text]Notre objectif est de rassembler, d\u2019\u00e9tudier et de propager des informations relatives au pass\u00e9 et au pr\u00e9sent del\u2019ancienne \u00ab voie royale \u00bb. Des offres culturelles et \u00e9ducatives, le tourisme, l\u2019\u00e9change de r\u00e9sultats de recherche historique et le travail sur des projets interfrontaliers doivent contribuer \u00e0 ce que la Via Regia redevienne. Comme \u00e9space de rencotres la Via Regia est susceptible de devenir la voie royale de l\u2019Europe. [\/vc_column_text][\/vc_column][\/vc_row][vc_row][vc_column][vc_empty_space][\/vc_column][\/vc_row]<\/p>\n<\/div>","protected":false},"excerpt":{"rendered":"<p>[vc_row][vc_column css=\u00a0\u00bb.vc_custom_1664358009926{margin-top: 20px !important;margin-bottom: 30px !important;background-color: rgba(153,0,51,0.8) !important;*background-color: rgb(153,0,51) !important;}\u00a0\u00bb][\/vc_column][\/vc_row][vc_row][vc_column][vc_column_text] A \u00e9t\u00e9 fond\u00e9e \u00e0 G\u00f6rlitz en d\u00e9cembre 2003. Elle a pour objet de promovoir l\u2019\u00e9tude et la revitalisation de la Via Regia, aussi appel\u00e9e \u00ab Route haute \u00bb comme voie historique tout comme axe est-ouest contemporaine. Dans le cadre de l\u2019association se sont regroup\u00e9s (r\u00e9unis),&hellip;<\/p>\n","protected":false},"author":1,"featured_media":0,"parent":0,"menu_order":0,"comment_status":"closed","ping_status":"closed","template":"","meta":{"footnotes":""},"class_list":["post-1748","page","type-page","status-publish","hentry","description-off"],"_links":{"self":[{"href":"https:\/\/viaregia-sachsen.de\/fr\/wp-json\/wp\/v2\/pages\/1748","targetHints":{"allow":["GET"]}}],"collection":[{"href":"https:\/\/viaregia-sachsen.de\/fr\/wp-json\/wp\/v2\/pages"}],"about":[{"href":"https:\/\/viaregia-sachsen.de\/fr\/wp-json\/wp\/v2\/types\/page"}],"author":[{"embeddable":true,"href":"https:\/\/viaregia-sachsen.de\/fr\/wp-json\/wp\/v2\/users\/1"}],"replies":[{"embeddable":true,"href":"https:\/\/viaregia-sachsen.de\/fr\/wp-json\/wp\/v2\/comments?post=1748"}],"version-history":[{"count":1,"href":"https:\/\/viaregia-sachsen.de\/fr\/wp-json\/wp\/v2\/pages\/1748\/revisions"}],"predecessor-version":[{"id":6123,"href":"https:\/\/viaregia-sachsen.de\/fr\/wp-json\/wp\/v2\/pages\/1748\/revisions\/6123"}],"wp:attachment":[{"href":"https:\/\/viaregia-sachsen.de\/fr\/wp-json\/wp\/v2\/media?parent=1748"}],"curies":[{"name":"wp","href":"https:\/\/api.w.org\/{rel}","templated":true}]}}