{"id":3235,"date":"2022-08-15T14:28:05","date_gmt":"2022-08-15T12:28:05","guid":{"rendered":"http:\/\/viaregia-dev.felixschmidt.software\/declaracion-de-la-mision-del-turismo\/"},"modified":"2022-08-15T14:28:05","modified_gmt":"2022-08-15T12:28:05","slug":"declaracion-de-la-mision-del-turismo","status":"publish","type":"page","link":"https:\/\/viaregia-sachsen.de\/es\/declaracion-de-la-mision-del-turismo\/","title":{"rendered":"Declaraci\u00f3n de la misi\u00f3n del turismo"},"content":{"rendered":"<div class=\"wpb-content-wrapper\"><p>[vc_row][vc_column css=\u00bb.vc_custom_1664358009926{margin-top: 20px !important;margin-bottom: 30px !important;background-color: rgba(153,0,51,0.8) !important;*background-color: rgb(153,0,51) !important;}\u00bb]<div id=\"ultimate-heading-831869da802fca501\" class=\"uvc-heading ult-adjust-bottom-margin ultimate-heading-831869da802fca501 uvc-9751 \" data-hspacer=\"no_spacer\"  data-halign=\"left\" style=\"text-align:left\"><div class=\"uvc-heading-spacer no_spacer\" style=\"top\"><\/div><div class=\"uvc-main-heading ult-responsive\"  data-ultimate-target='.uvc-heading.ultimate-heading-831869da802fca501 h2'  data-responsive-json-new='{\"font-size\":\"desktop:26px;\",\"line-height\":\"desktop:36px;\"}' ><h2 style=\"font-weight:bold;color:#ffffff;margin-top:20px;margin-bottom:20px;\">Modelo de la ruta tur\u00edstica V\u00eda Regia<\/h2><\/div><\/div>[\/vc_column][\/vc_row][vc_row][vc_column][vc_column_text]<\/p>\n<p><span style=\"color: #990033;\"><strong>Fuimos <\/strong><\/span><\/p>\n<p>a conexi\u00f3n esteoeste m\u00e1s importante, cuya funci\u00f3n era ser una ruta de tr\u00e1fico para reyes y ej\u00e9rcitos, comerciantes y peregrinos a trav\u00e9s de toda Europa, desde Kiev hasta Santiago de Compostela, sirviendo as\u00ed como lugar de encuentro entre personas de diferentes nacionalidades. Un camino a lo largo del cual fueron apareciendo numerosas ciudades importantes y que tuvo una influencia duradera en el arte, la cultura, las tradiciones, la artesan\u00eda y la arquitectura por todos los pa\u00edses por los que discurr\u00eda. <\/p>\n<p><span style=\"color: #990033;\"><strong>Hoy somos <\/strong><\/span><\/p>\n<p>un corredor transnacional de car\u00e1cter moderno a trav\u00e9s de la UE, en el que se ha olvidado la importancia hist\u00f3rica de la ruta comercial de larga distancia, pero que, por su diversidad cultural, natural y paisaj\u00edstica, y su atractivo hist\u00f3ricocultural, ofrece un alto potencial para descubrir elementos tradicionales y contempor\u00e1neos comunes de los pa\u00edses de la UE.<\/p>\n<p><strong><span style=\"color: #990033;\">Ma\u00f1ana aspiramos a ser<\/span> <\/strong><\/p>\n<p>un sistema competitivo y tur\u00edstico de productos a lo largo de la ruta, \u00fanica en Europa en su alcance, y que conecta entre s\u00ed siete culturas y pa\u00edses de Europa.<\/p>\n<p><span style=\"color: #990033;\"><strong>Queremos<\/strong> <\/span><\/p>\n<p>devolver el significado hist\u00f3rico de la V\u00eda Regia a la memoria de las personas y desarrollarla para convertirla en una ruta tur\u00edstica, impulsando as\u00ed su revitalizaci\u00f3n. Su desarrollo pretende contribuir al entendimiento entre naciones y a la creaci\u00f3n de una mentalidad europea unida. <\/p>\n<p><span style=\"color: #990033;\"><strong>Nos comprometemos a <\/strong> <\/span><\/p>\n<p>conservar el patrimonio cultural y a fomentar un turismo ecol\u00f3gico y socialmente responsable, as\u00ed como orientado a la calidad, a lo largo de toda la V\u00eda Regia.<\/p>\n<p><strong><span style=\"color: #990033;\">Vamos a<\/span> <\/strong><\/p>\n<p>explotar y ampliar los potenciales y las oportunidades a lo largo de la ruta y establecer una red de productos y productores que responda a los m\u00e1s altos est\u00e1ndares de calidad. Vamos a contribuir al desarrollo de una infraestructura tur\u00edstica integral en las distintas regiones por las que pasa la ruta y mejorar con ello, a largo plazo, la calidad de vida de los residentes locales. Vamos a promover la comunicaci\u00f3n regional, nacional e internacional y el intercambio intercultural en el \u00e1mbito del turismo y en otros \u00e1mbitos de vida.<\/p>\n<p>[\/vc_column_text][\/vc_column][\/vc_row][vc_row][vc_column][vc_empty_space][\/vc_column][\/vc_row]<\/p>\n<\/div>","protected":false},"excerpt":{"rendered":"<p>[vc_row][vc_column css=\u00bb.vc_custom_1664358009926{margin-top: 20px !important;margin-bottom: 30px !important;background-color: rgba(153,0,51,0.8) !important;*background-color: rgb(153,0,51) !important;}\u00bb][\/vc_column][\/vc_row][vc_row][vc_column][vc_column_text] Fuimos a conexi\u00f3n esteoeste m\u00e1s importante, cuya funci\u00f3n era ser una ruta de tr\u00e1fico para reyes y ej\u00e9rcitos, comerciantes y peregrinos a trav\u00e9s de toda Europa, desde Kiev hasta Santiago de Compostela, sirviendo as\u00ed como lugar de encuentro entre personas de diferentes nacionalidades. Un camino&hellip;<\/p>\n","protected":false},"author":1,"featured_media":0,"parent":0,"menu_order":0,"comment_status":"closed","ping_status":"closed","template":"","meta":{"footnotes":""},"class_list":["post-3235","page","type-page","status-publish","hentry","description-off"],"_links":{"self":[{"href":"https:\/\/viaregia-sachsen.de\/es\/wp-json\/wp\/v2\/pages\/3235","targetHints":{"allow":["GET"]}}],"collection":[{"href":"https:\/\/viaregia-sachsen.de\/es\/wp-json\/wp\/v2\/pages"}],"about":[{"href":"https:\/\/viaregia-sachsen.de\/es\/wp-json\/wp\/v2\/types\/page"}],"author":[{"embeddable":true,"href":"https:\/\/viaregia-sachsen.de\/es\/wp-json\/wp\/v2\/users\/1"}],"replies":[{"embeddable":true,"href":"https:\/\/viaregia-sachsen.de\/es\/wp-json\/wp\/v2\/comments?post=3235"}],"version-history":[{"count":0,"href":"https:\/\/viaregia-sachsen.de\/es\/wp-json\/wp\/v2\/pages\/3235\/revisions"}],"wp:attachment":[{"href":"https:\/\/viaregia-sachsen.de\/es\/wp-json\/wp\/v2\/media?parent=3235"}],"curies":[{"name":"wp","href":"https:\/\/api.w.org\/{rel}","templated":true}]}}