{"id":1751,"date":"2022-08-15T14:23:40","date_gmt":"2022-08-15T12:23:40","guid":{"rendered":"http:\/\/viaregia-dev.felixschmidt.software\/sobre-nosotros\/"},"modified":"2022-08-15T14:23:40","modified_gmt":"2022-08-15T12:23:40","slug":"sobre-nosotros","status":"publish","type":"page","link":"https:\/\/viaregia-sachsen.de\/es\/sobre-nosotros\/","title":{"rendered":"Sobre nosotros"},"content":{"rendered":"<div class=\"wpb-content-wrapper\"><p>[vc_row][vc_column css=\u00bb.vc_custom_1664358009926{margin-top: 20px !important;margin-bottom: 30px !important;background-color: rgba(153,0,51,0.8) !important;*background-color: rgb(153,0,51) !important;}\u00bb]<div id=\"ultimate-heading-349369da6e8ea5ae8\" class=\"uvc-heading ult-adjust-bottom-margin ultimate-heading-349369da6e8ea5ae8 uvc-8514 \" data-hspacer=\"no_spacer\"  data-halign=\"left\" style=\"text-align:left\"><div class=\"uvc-heading-spacer no_spacer\" style=\"top\"><\/div><div class=\"uvc-main-heading ult-responsive\"  data-ultimate-target='.uvc-heading.ultimate-heading-349369da6e8ea5ae8 h2'  data-responsive-json-new='{\"font-size\":\"desktop:26px;\",\"line-height\":\"desktop:36px;\"}' ><h2 style=\"font-weight:bold;color:#ffffff;margin-top:20px;margin-bottom:20px;\">VIA REGIA Espacio de encuentro Federaci\u00f3n sajona e.V.<\/h2><\/div><\/div>[\/vc_column][\/vc_row][vc_row][vc_column][vc_column_text]<\/p>\n<p>En G\u00f6rlitz se fund\u00f3 en diciembre de 2003 la asociaci\u00f3n VIA REGIA espacio de encuentro &#8211; federaci\u00f3n sajona. El objetivo de la asociaci\u00f3n es la investigaci\u00f3n y vivencia de la Via Regia, tambi\u00e9n llamada la Gran Ruta, en su transcurso hist\u00f3rico y como lazo contempor\u00e1neo europeo entre este y oeste. Se juntaron representantes de grupos interesados, comunidades, universidades, iglesias, asociaciones y otros agentes que ya llevan a\u00f1os involucrados todos ellos en el tema de la Via Regia.  <\/p>\n<p>Nos queremos un punto de contacto para desarrollar una red tanto en Sajonia como entre cooperadores supraregionales e internacionales a lo largo de la Via Regia. En contacto estrecho est\u00e1 la liga nacional en el centro de cultura e informaci\u00f3n europea en Th\u00fcringen, con la asociaci\u00f3n \u00abVIA REGIA &#8211; cultura para Europa\u00bb. <\/p>\n<p>[\/vc_column_text][vc_empty_space][vc_row_inner content_placement=\u00bbmiddle\u00bb][vc_column_inner width=\u00bb1\/2&#8243;][vc_column_text]<\/p>\n<p>La vieja arteria europea de este a oeste une Kiev y Par\u00eds. En su recorrido occidental la Via Regia desemboca en el Camino de Santiago, al que confluyen los caminos de peregrinos de toda Europa. Si se sigue la Via Regia hacia al oeste hasta Kiev, a\u00fan no se llega a los l\u00edmites de Europa. La Gran Ruta, como se llama la Via Regia en su secci\u00f3n centroeuropea, dej\u00f3 sus marcas en el norte de Sajonia, de Leipzig a G\u00f6rlitz   <\/p>\n<p>[\/vc_column_text][\/vc_column_inner][vc_column_inner width=\u00bb1\/2&#8243;][vc_single_image image=\u00bb1609&#8243; img_size=\u00bbfull\u00bb alignment=\u00bbcenter\u00bb][\/vc_column_inner][\/vc_row_inner][vc_empty_space][vc_column_text]Hay que recoger, informaci\u00f3n sobre la historia y el presente de la ruta, investigar y divulgar. La oferta cultural y de formaci\u00f3n, el turismo, el intercambio de resultados de investigaci\u00f3n y el trabajo en proyectos interdisciplinarios deber\u00edan volver a hacer de la Via Regia un fluir vivo de encuentro. La Via Regia como lugar de encuentro quiz\u00e1 pueda convertirse en el camino rey de Europa.  [\/vc_column_text][\/vc_column][\/vc_row][vc_row][vc_column][vc_empty_space][\/vc_column][\/vc_row]<\/p>\n<\/div>","protected":false},"excerpt":{"rendered":"<p>[vc_row][vc_column css=\u00bb.vc_custom_1664358009926{margin-top: 20px !important;margin-bottom: 30px !important;background-color: rgba(153,0,51,0.8) !important;*background-color: rgb(153,0,51) !important;}\u00bb][\/vc_column][\/vc_row][vc_row][vc_column][vc_column_text] En G\u00f6rlitz se fund\u00f3 en diciembre de 2003 la asociaci\u00f3n VIA REGIA espacio de encuentro &#8211; federaci\u00f3n sajona. El objetivo de la asociaci\u00f3n es la investigaci\u00f3n y vivencia de la Via Regia, tambi\u00e9n llamada la Gran Ruta, en su transcurso hist\u00f3rico y como lazo contempor\u00e1neo&hellip;<\/p>\n","protected":false},"author":1,"featured_media":0,"parent":0,"menu_order":0,"comment_status":"closed","ping_status":"closed","template":"","meta":{"footnotes":""},"class_list":["post-1751","page","type-page","status-publish","hentry","description-off"],"_links":{"self":[{"href":"https:\/\/viaregia-sachsen.de\/es\/wp-json\/wp\/v2\/pages\/1751","targetHints":{"allow":["GET"]}}],"collection":[{"href":"https:\/\/viaregia-sachsen.de\/es\/wp-json\/wp\/v2\/pages"}],"about":[{"href":"https:\/\/viaregia-sachsen.de\/es\/wp-json\/wp\/v2\/types\/page"}],"author":[{"embeddable":true,"href":"https:\/\/viaregia-sachsen.de\/es\/wp-json\/wp\/v2\/users\/1"}],"replies":[{"embeddable":true,"href":"https:\/\/viaregia-sachsen.de\/es\/wp-json\/wp\/v2\/comments?post=1751"}],"version-history":[{"count":0,"href":"https:\/\/viaregia-sachsen.de\/es\/wp-json\/wp\/v2\/pages\/1751\/revisions"}],"wp:attachment":[{"href":"https:\/\/viaregia-sachsen.de\/es\/wp-json\/wp\/v2\/media?parent=1751"}],"curies":[{"name":"wp","href":"https:\/\/api.w.org\/{rel}","templated":true}]}}