{"id":5140,"date":"2022-08-15T14:24:30","date_gmt":"2022-08-15T12:24:30","guid":{"rendered":"http:\/\/viaregia-dev.felixschmidt.software\/begegnungsorte\/"},"modified":"2025-06-09T11:22:27","modified_gmt":"2025-06-09T09:22:27","slug":"begegnungsorte","status":"publish","type":"page","link":"https:\/\/viaregia-sachsen.de\/en\/begegnungsorte\/","title":{"rendered":"Begegnungsorte"},"content":{"rendered":"<div class=\"wpb-content-wrapper\"><p>[vc_row][vc_column css=&#8221;.vc_custom_1664368822007{margin: 20px !important;background-color: #990033 !important;}&#8221;]<div id=\"ultimate-heading-794769da8089a944f\" class=\"uvc-heading ult-adjust-bottom-margin ultimate-heading-794769da8089a944f uvc-9652 \" data-hspacer=\"no_spacer\"  data-halign=\"left\" style=\"text-align:left\"><div class=\"uvc-heading-spacer no_spacer\" style=\"top\"><\/div><div class=\"uvc-main-heading ult-responsive\"  data-ultimate-target='.uvc-heading.ultimate-heading-794769da8089a944f h2'  data-responsive-json-new='{\"font-size\":\"desktop:26px;\",\"line-height\":\"desktop:36px;\"}' ><h2 style=\"font-weight:bold;color:#ffffff;margin-top:20px;margin-bottom:20px;\">Begegnungsorte<\/h2><\/div><\/div>[\/vc_column][\/vc_row][vc_row][vc_column][vc_row_inner][vc_column_inner][vc_column_text]<strong>VIA REGIA Kultur erleben<\/strong><\/p>\n<p>Der VIA REGIA Begegnungsraum Landesverband Sachsen e.V. hat sich zum Ziel gesetzt, die VIA REGIA als europ\u00e4ische Kulturroute im Freistaat Sachsen bekannt zu machen und Initiativen zu vernetzen. Dazu f\u00f6rdern wir die Zusammenarbeit und den Dialog mit Partnern in allen Bundesl\u00e4ndern und Staaten entlang der VIA REGIA. Unsere Themen sind die Pflege kultureller Traditionen, die F\u00f6rderung eines neuen Kulturschaffens, die Erschlie\u00dfung der alten und neuen Verbindung Hohe Stra\u00dfe \/ VIA REGIA f\u00fcr Bildung, Besch\u00e4ftigung und internationalen Austausch sowie die F\u00f6rderung von Toleranz und V\u00f6lkerverst\u00e4ndigung im Freistaat Sachsen.<\/p>\n<p>&nbsp;<\/p>\n<p><strong>VIA REGIA Begegnungsorte<\/strong><\/p>\n<p>Via Regia Begegnungsorte arbeiten in \u00dcbereinstimmung mit der Resolution \u00fcber die Kulturrouten des Europarates an der<\/p>\n<ul>\n<li><strong>F\u00f6rderung und St\u00e4rkung einer europ\u00e4ischen kulturellen Zusammenarbeit<\/strong>, unter Beachtung einer europ\u00e4ischen Identit\u00e4t und des Dialoges zwischen den Regionen<\/li>\n<li><strong>F\u00f6rderung von Bildung, Forschung, Kommunikation und kulturellem Dialog<\/strong> in Kunst- Kultur und internationalem p\u00e4dagogischem Jugendaustausch,<\/li>\n<li><strong>F\u00f6rderung des nachhaltigen Kulturtourismus<\/strong> entlang der VIA REGIA<\/li>\n<li><strong>Planung und Umsetzung von Projekten<\/strong> unter Nutzung der Human- und Finanzreserven zur Entwicklung der VIA REGIA<\/li>\n<li><strong>Entwicklung einer nachhaltigen kulturellen Projektstruktur unter Einbindung internationaler Partner<\/strong><\/li>\n<li><strong>F\u00f6rderung des lokalen kulturellen Lebens<\/strong> durch themenbezogene historische Veranstaltungen und Pr\u00e4sentationen, unter Beachtung der historischen Bedeutung der VIA REGIA f\u00fcr unsere gemeinsamen kulturellen, europ\u00e4ischen Wurzeln,<\/li>\n<li><strong>Hervorhebung des Potenzials des Kulturerbes an der VIA REGIA<\/strong> Kulturroute des Europarates<\/li>\n<li><strong>lokalen und regionalen Pr\u00e4senz zu den Themen der VIA REGIA \u2013 Kulturroute des Europarates<\/strong><\/li>\n<li><strong>Zusammenarbeit mit den<\/strong> Partnern im internationalen Netzwerk VIA REGIA<\/li>\n<li><strong>Beratung der kommunalen Partner<\/strong> zur Themenarbeit an der VIA REGIA<\/li>\n<\/ul>\n<p>[\/vc_column_text][vc_empty_space][\/vc_column_inner][\/vc_row_inner][\/vc_column][\/vc_row][vc_row][vc_column width=&#8221;1\/3&#8243;]<style type=\"text\/css\" data-type=\"the7_shortcodes-inline-css\">#default-btn-58f2a66ff687d019a83892c9506e70a9.ico-right-side > i {\n  margin-right: 0px;\n  margin-left: 8px;\n}\n#default-btn-58f2a66ff687d019a83892c9506e70a9 > i {\n  margin-right: 8px;\n}\n<\/style><div class=\"btn-align-left\"><a href=\"http:\/\/viaregia-sachsen.de\/begegnungsorte\/begegnungsort-hessen\/\" class=\"default-btn-shortcode dt-btn dt-btn-m link-hover-off smBtnFont full-width-btn \" id=\"default-btn-58f2a66ff687d019a83892c9506e70a9\" title=\"Via Regia Begegnungsort Hessen\"><span>VIA REGIA<br \/>\nHessen (D)<\/span><\/a><\/div><style type=\"text\/css\" data-type=\"the7_shortcodes-inline-css\">.shortcode-single-image-wrap.shortcode-single-image-3496c6688d343c1bce007c500c3b445d.enable-bg-rollover .rollover i,\n.shortcode-single-image-wrap.shortcode-single-image-3496c6688d343c1bce007c500c3b445d.enable-bg-rollover .rollover-video i {\n  background: -webkit-linear-gradient();\n  background: linear-gradient();\n}\n.shortcode-single-image-wrap.shortcode-single-image-3496c6688d343c1bce007c500c3b445d .rollover-icon {\n  font-size: 32px;\n  color: #ffffff;\n  min-width: 44px;\n  min-height: 44px;\n  line-height: 44px;\n  border-radius: 100px;\n  border-style: solid;\n  border-width: 0px;\n}\n.dt-icon-bg-on.shortcode-single-image-wrap.shortcode-single-image-3496c6688d343c1bce007c500c3b445d .rollover-icon {\n  background: rgba(255,255,255,0.3);\n  box-shadow: none;\n}\n<\/style><div class=\"shortcode-single-image-wrap shortcode-single-image-3496c6688d343c1bce007c500c3b445d alignnone  vc_custom_1665243769850 enable-bg-rollover dt-icon-bg-off\" ><div class=\"shortcode-single-image\"><div class=\"fancy-media-wrap\" style=\"\"><a href=\"https:\/\/viaregia-sachsen.de\/begegnungsorte\/begegnungsort-hessen\/\" class=\" layzr-bg rollover\" style=\"\" aria-label=\"Image\"><img loading=\"lazy\" decoding=\"async\" class=\"preload-me lazy-load\" src=\"data:image\/svg+xml,%3Csvg%20xmlns%3D&#39;http%3A%2F%2Fwww.w3.org%2F2000%2Fsvg&#39;%20viewBox%3D&#39;0%200%20900%20600&#39;%2F%3E\" data-src=\"https:\/\/viaregia-sachsen.de\/wp-content\/uploads\/2022\/10\/Via-Regia-Begegnungsorte-Hessen-900x600.jpeg\" data-srcset=\"https:\/\/viaregia-sachsen.de\/wp-content\/uploads\/2022\/10\/Via-Regia-Begegnungsorte-Hessen-900x600.jpeg 900w, https:\/\/viaregia-sachsen.de\/wp-content\/uploads\/2022\/10\/Via-Regia-Begegnungsorte-Hessen-1800x1200.jpeg 1800w\" width=\"900\" height=\"600\"  data-dt-location=\"https:\/\/viaregia-sachsen.de\/en\/home-2\/via-regia-begegnungsorte-hessen\/\" alt=\"Via Regia Begegnungsorte Hessen\" \/><\/a><\/div><\/div><\/div>[\/vc_column][vc_column width=&#8221;1\/3&#8243;]<style type=\"text\/css\" data-type=\"the7_shortcodes-inline-css\">#default-btn-8390d7b3c1b2f6b4a5abaac98de5367a.ico-right-side > i {\n  margin-right: 0px;\n  margin-left: 8px;\n}\n#default-btn-8390d7b3c1b2f6b4a5abaac98de5367a > i {\n  margin-right: 8px;\n}\n<\/style><div class=\"btn-align-left\"><a href=\"http:\/\/viaregia-sachsen.de\/begegnungsorte\/begegnungsort-thueringen\/\" class=\"default-btn-shortcode dt-btn dt-btn-m link-hover-off smBtnFont full-width-btn \" id=\"default-btn-8390d7b3c1b2f6b4a5abaac98de5367a\" title=\"Via Regia Begegnungsort Th\u00fcringen\"><span>VIA REGIA<br \/>\nTh\u00fcringen (D)<\/span><\/a><\/div><style type=\"text\/css\" data-type=\"the7_shortcodes-inline-css\">.shortcode-single-image-wrap.shortcode-single-image-a99ace60527666323899c61c0cfaf54e.enable-bg-rollover .rollover i,\n.shortcode-single-image-wrap.shortcode-single-image-a99ace60527666323899c61c0cfaf54e.enable-bg-rollover .rollover-video i {\n  background: -webkit-linear-gradient();\n  background: linear-gradient();\n}\n.shortcode-single-image-wrap.shortcode-single-image-a99ace60527666323899c61c0cfaf54e .rollover-icon {\n  font-size: 32px;\n  color: #ffffff;\n  min-width: 44px;\n  min-height: 44px;\n  line-height: 44px;\n  border-radius: 100px;\n  border-style: solid;\n  border-width: 0px;\n}\n.dt-icon-bg-on.shortcode-single-image-wrap.shortcode-single-image-a99ace60527666323899c61c0cfaf54e .rollover-icon {\n  background: rgba(255,255,255,0.3);\n  box-shadow: none;\n}\n<\/style><div class=\"shortcode-single-image-wrap shortcode-single-image-a99ace60527666323899c61c0cfaf54e alignnone  vc_custom_1665243805034 enable-bg-rollover dt-icon-bg-off\" ><div class=\"shortcode-single-image\"><div class=\"fancy-media-wrap\" style=\"\"><a href=\"https:\/\/viaregia-sachsen.de\/begegnungsorte\/begegnungsort-thueringen\/\" class=\" layzr-bg rollover\" style=\"\" aria-label=\"Image\"><img loading=\"lazy\" decoding=\"async\" class=\"preload-me lazy-load\" src=\"data:image\/svg+xml,%3Csvg%20xmlns%3D&#39;http%3A%2F%2Fwww.w3.org%2F2000%2Fsvg&#39;%20viewBox%3D&#39;0%200%20900%20600&#39;%2F%3E\" data-src=\"https:\/\/viaregia-sachsen.de\/wp-content\/uploads\/2022\/10\/Via-Regia-Begegnungsorte-Thueringen-Kraemerbruecke-Erfurt-900x600.png\" data-srcset=\"https:\/\/viaregia-sachsen.de\/wp-content\/uploads\/2022\/10\/Via-Regia-Begegnungsorte-Thueringen-Kraemerbruecke-Erfurt-900x600.png 900w, https:\/\/viaregia-sachsen.de\/wp-content\/uploads\/2022\/10\/Via-Regia-Begegnungsorte-Thueringen-Kraemerbruecke-Erfurt-1017x678.png 1017w\" width=\"900\" height=\"600\"  data-dt-location=\"https:\/\/viaregia-sachsen.de\/en\/home-2\/via-regia-begegnungsorte-thueringen-kraemerbruecke-erfurt\/\" alt=\"Via Regia Begegnungsorte Th\u00fcringen Kr\u00e4merbr\u00fccke Erfurt\" \/><\/a><\/div><\/div><\/div>[\/vc_column][vc_column width=&#8221;1\/3&#8243;]<style type=\"text\/css\" data-type=\"the7_shortcodes-inline-css\">#default-btn-9796b562d5345b8d0cea18429dfbb191.ico-right-side > i {\n  margin-right: 0px;\n  margin-left: 8px;\n}\n#default-btn-9796b562d5345b8d0cea18429dfbb191 > i {\n  margin-right: 8px;\n}\n<\/style><div class=\"btn-align-left\"><a href=\"https:\/\/www.viaregia-sachsen-anhalt.de\/\" class=\"default-btn-shortcode dt-btn dt-btn-m link-hover-off smBtnFont full-width-btn \" target=\"_blank\" id=\"default-btn-9796b562d5345b8d0cea18429dfbb191\" title=\"Via Regia Begegnungsort Th\u00fcringen\" rel=\"noopener\"><span>VIA REGIA<br \/>\nSachsen-Anhalt (D)<\/span><\/a><\/div><style type=\"text\/css\" data-type=\"the7_shortcodes-inline-css\">.shortcode-single-image-wrap.shortcode-single-image-7e4ab3567c9b8d7143a3cb5b44427ff2.enable-bg-rollover .rollover i,\n.shortcode-single-image-wrap.shortcode-single-image-7e4ab3567c9b8d7143a3cb5b44427ff2.enable-bg-rollover .rollover-video i {\n  background: -webkit-linear-gradient();\n  background: linear-gradient();\n}\n.shortcode-single-image-wrap.shortcode-single-image-7e4ab3567c9b8d7143a3cb5b44427ff2 .rollover-icon {\n  font-size: 32px;\n  color: #ffffff;\n  min-width: 44px;\n  min-height: 44px;\n  line-height: 44px;\n  border-radius: 100px;\n  border-style: solid;\n  border-width: 0px;\n}\n.dt-icon-bg-on.shortcode-single-image-wrap.shortcode-single-image-7e4ab3567c9b8d7143a3cb5b44427ff2 .rollover-icon {\n  background: rgba(255,255,255,0.3);\n  box-shadow: none;\n}\n<\/style><div class=\"shortcode-single-image-wrap shortcode-single-image-7e4ab3567c9b8d7143a3cb5b44427ff2 alignnone  vc_custom_1666726020016 enable-bg-rollover dt-icon-bg-off\" ><div class=\"shortcode-single-image\"><div class=\"fancy-media-wrap\" style=\"\"><a href=\"https:\/\/www.viaregia-sachsen-anhalt.de\/\" class=\" layzr-bg rollover\" style=\"\" target=\"_blank\" rel=\"noopener\" aria-label=\"Image\"><img loading=\"lazy\" decoding=\"async\" class=\"preload-me lazy-load\" src=\"data:image\/svg+xml,%3Csvg%20xmlns%3D&#39;http%3A%2F%2Fwww.w3.org%2F2000%2Fsvg&#39;%20viewBox%3D&#39;0%200%20601%20401&#39;%2F%3E\" data-src=\"https:\/\/viaregia-sachsen.de\/wp-content\/uploads\/2022\/10\/VIA-REGIA_SACHSEN-ANHALT-601x401.jpg\" data-srcset=\"https:\/\/viaregia-sachsen.de\/wp-content\/uploads\/2022\/10\/VIA-REGIA_SACHSEN-ANHALT-601x401.jpg 601w\" width=\"601\" height=\"401\"  data-dt-location=\"https:\/\/viaregia-sachsen.de\/en\/home-2\/via-regia_sachsen-anhalt\/\" alt=\"\" \/><\/a><\/div><\/div><\/div>[\/vc_column][\/vc_row][vc_row][vc_column width=&#8221;1\/3&#8243;]<style type=\"text\/css\" data-type=\"the7_shortcodes-inline-css\">#default-btn-f7ad15e513a85b23fef111fe87fd4bab.ico-right-side > i {\n  margin-right: 0px;\n  margin-left: 8px;\n}\n#default-btn-f7ad15e513a85b23fef111fe87fd4bab > i {\n  margin-right: 8px;\n}\n<\/style><div class=\"btn-align-left\"><a href=\"http:\/\/viaregia-sachsen.de\/begegnungsorte\/begegnungsort-sachsen\/\" class=\"default-btn-shortcode dt-btn dt-btn-m link-hover-off smBtnFont full-width-btn \" id=\"default-btn-f7ad15e513a85b23fef111fe87fd4bab\" title=\"Via Regia Begegnungsort Sachsen (D)\"><span>VIA REGIA<br \/>\nSachsen (D)<\/span><\/a><\/div><style type=\"text\/css\" data-type=\"the7_shortcodes-inline-css\">.shortcode-single-image-wrap.shortcode-single-image-09a2e6e83f54e29984dfbaf64ff285fb.enable-bg-rollover .rollover i,\n.shortcode-single-image-wrap.shortcode-single-image-09a2e6e83f54e29984dfbaf64ff285fb.enable-bg-rollover .rollover-video i {\n  background: -webkit-linear-gradient();\n  background: linear-gradient();\n}\n.shortcode-single-image-wrap.shortcode-single-image-09a2e6e83f54e29984dfbaf64ff285fb .rollover-icon {\n  font-size: 32px;\n  color: #ffffff;\n  min-width: 44px;\n  min-height: 44px;\n  line-height: 44px;\n  border-radius: 100px;\n  border-style: solid;\n  border-width: 0px;\n}\n.dt-icon-bg-on.shortcode-single-image-wrap.shortcode-single-image-09a2e6e83f54e29984dfbaf64ff285fb .rollover-icon {\n  background: rgba(255,255,255,0.3);\n  box-shadow: none;\n}\n<\/style><div class=\"shortcode-single-image-wrap shortcode-single-image-09a2e6e83f54e29984dfbaf64ff285fb alignnone  vc_custom_1665243828634 enable-bg-rollover dt-icon-bg-off\" ><div class=\"shortcode-single-image\"><div class=\"fancy-media-wrap\" style=\"\"><a href=\"https:\/\/viaregia-sachsen.de\/begegnungsorte\/begegnungsort-sachsen\/\" class=\" layzr-bg rollover\" style=\"\" aria-label=\"Image\"><img loading=\"lazy\" decoding=\"async\" class=\"preload-me lazy-load\" src=\"data:image\/svg+xml,%3Csvg%20xmlns%3D&#39;http%3A%2F%2Fwww.w3.org%2F2000%2Fsvg&#39;%20viewBox%3D&#39;0%200%20900%20600&#39;%2F%3E\" data-src=\"https:\/\/viaregia-sachsen.de\/wp-content\/uploads\/2022\/10\/Via-Regia-Begegnungsorte-Sachsen-St.-Aegidien-scaled-900x600.jpg\" data-srcset=\"https:\/\/viaregia-sachsen.de\/wp-content\/uploads\/2022\/10\/Via-Regia-Begegnungsorte-Sachsen-St.-Aegidien-scaled-900x600.jpg 900w, https:\/\/viaregia-sachsen.de\/wp-content\/uploads\/2022\/10\/Via-Regia-Begegnungsorte-Sachsen-St.-Aegidien-scaled-1800x1200.jpg 1800w\" width=\"900\" height=\"600\"  data-dt-location=\"https:\/\/viaregia-sachsen.de\/en\/home-2\/via-regia-begegnungsorte-sachsen-st-aegidien\/\" alt=\"Via Regia Begegnungsorte Sachsen St. Aegidien\" \/><\/a><\/div><\/div><\/div>[\/vc_column][vc_column width=&#8221;1\/3&#8243;]<style type=\"text\/css\" data-type=\"the7_shortcodes-inline-css\">#default-btn-98ee594c73803a3a740c3aff3976b847.ico-right-side > i {\n  margin-right: 0px;\n  margin-left: 8px;\n}\n#default-btn-98ee594c73803a3a740c3aff3976b847 > i {\n  margin-right: 8px;\n}\n<\/style><div class=\"btn-align-left\"><a href=\"http:\/\/viaregia-sachsen.de\/begegnungsorte\/begegnungsort-niederschlesien\/\" class=\"default-btn-shortcode dt-btn dt-btn-m link-hover-off smBtnFont full-width-btn \" id=\"default-btn-98ee594c73803a3a740c3aff3976b847\" title=\"Via Regia Begegnungsort Niederschlesien (PL)\"><span>VIA REGIA<br \/>\nNiederschlesien (PL)<\/span><\/a><\/div><style type=\"text\/css\" data-type=\"the7_shortcodes-inline-css\">.shortcode-single-image-wrap.shortcode-single-image-71fb2172d2ed6f2e09981120923ddcc5.enable-bg-rollover .rollover i,\n.shortcode-single-image-wrap.shortcode-single-image-71fb2172d2ed6f2e09981120923ddcc5.enable-bg-rollover .rollover-video i {\n  background: -webkit-linear-gradient();\n  background: linear-gradient();\n}\n.shortcode-single-image-wrap.shortcode-single-image-71fb2172d2ed6f2e09981120923ddcc5 .rollover-icon {\n  font-size: 32px;\n  color: #ffffff;\n  min-width: 44px;\n  min-height: 44px;\n  line-height: 44px;\n  border-radius: 100px;\n  border-style: solid;\n  border-width: 0px;\n}\n.dt-icon-bg-on.shortcode-single-image-wrap.shortcode-single-image-71fb2172d2ed6f2e09981120923ddcc5 .rollover-icon {\n  background: rgba(255,255,255,0.3);\n  box-shadow: none;\n}\n<\/style><div class=\"shortcode-single-image-wrap shortcode-single-image-71fb2172d2ed6f2e09981120923ddcc5 alignnone  vc_custom_1665243853517 enable-bg-rollover dt-icon-bg-off\" ><div class=\"shortcode-single-image\"><div class=\"fancy-media-wrap\" style=\"\"><a href=\"https:\/\/viaregia-sachsen.de\/begegnungsorte\/begegnungsort-niederschlesien\/\" class=\" layzr-bg rollover\" style=\"\" aria-label=\"Image\"><img loading=\"lazy\" decoding=\"async\" class=\"preload-me lazy-load\" src=\"data:image\/svg+xml,%3Csvg%20xmlns%3D&#39;http%3A%2F%2Fwww.w3.org%2F2000%2Fsvg&#39;%20viewBox%3D&#39;0%200%20576%20384&#39;%2F%3E\" data-src=\"https:\/\/viaregia-sachsen.de\/wp-content\/uploads\/2022\/10\/Via-Regia-Begegnungsorte-Niedersachsen-vorVerkaufsstand-576x384.jpg\" data-srcset=\"https:\/\/viaregia-sachsen.de\/wp-content\/uploads\/2022\/10\/Via-Regia-Begegnungsorte-Niedersachsen-vorVerkaufsstand-576x384.jpg 576w\" width=\"576\" height=\"384\"  data-dt-location=\"https:\/\/viaregia-sachsen.de\/en\/home-2\/via-regia-begegnungsorte-niedersachsen-vorverkaufsstand\/\" alt=\"Via Regia Begegnungsorte Niedersachsen vorVerkaufsstand\" \/><\/a><\/div><\/div><\/div>[\/vc_column][vc_column width=&#8221;1\/3&#8243;][\/vc_column][\/vc_row][vc_row][vc_column][vc_empty_space][\/vc_column][\/vc_row]<\/p>\n<\/div>","protected":false},"excerpt":{"rendered":"<p>[vc_row][vc_column css=&#8221;.vc_custom_1664368822007{margin: 20px !important;background-color: #990033 !important;}&#8221;][\/vc_column][\/vc_row][vc_row][vc_column][vc_row_inner][vc_column_inner][vc_column_text]VIA REGIA Kultur erleben Der VIA REGIA Begegnungsraum Landesverband Sachsen e.V. hat sich zum Ziel gesetzt, die VIA REGIA als europ\u00e4ische Kulturroute im Freistaat Sachsen bekannt zu machen und Initiativen zu vernetzen. Dazu f\u00f6rdern wir die Zusammenarbeit und den Dialog mit Partnern in allen Bundesl\u00e4ndern und Staaten entlang der VIA&hellip;<\/p>\n","protected":false},"author":1,"featured_media":0,"parent":0,"menu_order":0,"comment_status":"closed","ping_status":"closed","template":"","meta":{"footnotes":""},"class_list":["post-5140","page","type-page","status-publish","hentry","description-off"],"_links":{"self":[{"href":"https:\/\/viaregia-sachsen.de\/en\/wp-json\/wp\/v2\/pages\/5140","targetHints":{"allow":["GET"]}}],"collection":[{"href":"https:\/\/viaregia-sachsen.de\/en\/wp-json\/wp\/v2\/pages"}],"about":[{"href":"https:\/\/viaregia-sachsen.de\/en\/wp-json\/wp\/v2\/types\/page"}],"author":[{"embeddable":true,"href":"https:\/\/viaregia-sachsen.de\/en\/wp-json\/wp\/v2\/users\/1"}],"replies":[{"embeddable":true,"href":"https:\/\/viaregia-sachsen.de\/en\/wp-json\/wp\/v2\/comments?post=5140"}],"version-history":[{"count":6,"href":"https:\/\/viaregia-sachsen.de\/en\/wp-json\/wp\/v2\/pages\/5140\/revisions"}],"predecessor-version":[{"id":6479,"href":"https:\/\/viaregia-sachsen.de\/en\/wp-json\/wp\/v2\/pages\/5140\/revisions\/6479"}],"wp:attachment":[{"href":"https:\/\/viaregia-sachsen.de\/en\/wp-json\/wp\/v2\/media?parent=5140"}],"curies":[{"name":"wp","href":"https:\/\/api.w.org\/{rel}","templated":true}]}}