{"id":1393,"date":"2016-06-14T01:53:06","date_gmt":"2016-06-13T23:53:06","guid":{"rendered":"http:\/\/viaregia-dev.felixschmidt.software\/home\/"},"modified":"2022-10-28T19:32:48","modified_gmt":"2022-10-28T17:32:48","slug":"home","status":"publish","type":"page","link":"https:\/\/viaregia-sachsen.de\/en\/","title":{"rendered":"Home"},"content":{"rendered":"<div class=\"wpb-content-wrapper\"><p>[vc_row][vc_column]<div id=\"ultimate-heading-581269f1f59ad28da\" class=\"uvc-heading ult-adjust-bottom-margin ultimate-heading-581269f1f59ad28da uvc-9997 \" data-hspacer=\"no_spacer\"  data-halign=\"left\" style=\"text-align:left\"><div class=\"uvc-heading-spacer no_spacer\" style=\"top\"><\/div><div class=\"uvc-main-heading ult-responsive\"  data-ultimate-target='.uvc-heading.ultimate-heading-581269f1f59ad28da h2'  data-responsive-json-new='{\"font-size\":\"desktop:26px;\",\"line-height\":\"desktop:36px;\"}' ><h2 style=\"font-weight:bold;color:#990033;margin-top:50px;margin-bottom:30px;\">Welcome by VIA REGIA Begegnungsraum - Landesverband Sachsen e.V.<\/h2><\/div><\/div>[\/vc_column][\/vc_row][vc_row bg_type=&#8221;bg_color&#8221; bg_color_value=&#8221;#ffffff&#8221;][vc_column][vc_column_text]&#8221;In the beginning was the road&#8230;.&#8221; Prof. Karlheinz Blaschke (Historian, 1927-2020)<\/p>\n<p>&nbsp;<\/p>\n<p>The historical cultural and trade route VIA REGIA has been certified as a cultural route of the Council of Europe since 2005. It crosses Europe from west to east over 4500 km and takes its course from Santiago de Compostela (SP) to Kiev (UK).<\/p>\n<p>The historical VIA REGIA was not only the road of trade and change but it was a magistral of cultural exchange, education and communication. The importance of the VIA REGIA as a European cultural route and European network is increasing again in modern times.[\/vc_column_text][vc_empty_space height=&#8221;50px&#8221;]<div id=\"ultimate-heading-202169f1f59ad2903\" class=\"uvc-heading ult-adjust-bottom-margin ultimate-heading-202169f1f59ad2903 uvc-7863 \" data-hspacer=\"no_spacer\"  data-halign=\"left\" style=\"text-align:left\"><div class=\"uvc-heading-spacer no_spacer\" style=\"top\"><\/div><div class=\"uvc-main-heading ult-responsive\"  data-ultimate-target='.uvc-heading.ultimate-heading-202169f1f59ad2903 h2'  data-responsive-json-new='{\"font-size\":\"desktop:26px;\",\"line-height\":\"desktop:36px;\"}' ><h2 style=\"font-weight:bold;color:#990033;margin-bottom:30px;\">VIA REGIA MEETING PLACES<\/h2><\/div><\/div>[\/vc_column][\/vc_row][vc_row][vc_column width=&#8221;1\/4&#8243;]<style type=\"text\/css\" data-type=\"the7_shortcodes-inline-css\">.shortcode-single-image-wrap.shortcode-single-image-3496c6688d343c1bce007c500c3b445d.enable-bg-rollover .rollover i,\n.shortcode-single-image-wrap.shortcode-single-image-3496c6688d343c1bce007c500c3b445d.enable-bg-rollover .rollover-video i {\n  background: -webkit-linear-gradient();\n  background: linear-gradient();\n}\n.shortcode-single-image-wrap.shortcode-single-image-3496c6688d343c1bce007c500c3b445d .rollover-icon {\n  font-size: 32px;\n  color: #ffffff;\n  min-width: 44px;\n  min-height: 44px;\n  line-height: 44px;\n  border-radius: 100px;\n  border-style: solid;\n  border-width: 0px;\n}\n.dt-icon-bg-on.shortcode-single-image-wrap.shortcode-single-image-3496c6688d343c1bce007c500c3b445d .rollover-icon {\n  background: rgba(255,255,255,0.3);\n  box-shadow: none;\n}\n<\/style><div class=\"shortcode-single-image-wrap shortcode-single-image-3496c6688d343c1bce007c500c3b445d alignnone  vc_custom_1665243769850 enable-bg-rollover dt-icon-bg-off\" ><div class=\"shortcode-single-image\"><div class=\"fancy-media-wrap\" style=\"\"><a href=\"https:\/\/viaregia-sachsen.de\/begegnungsorte\/begegnungsort-hessen\/\" class=\" layzr-bg rollover\" style=\"\" aria-label=\"Image\"><img loading=\"lazy\" decoding=\"async\" class=\"preload-me lazy-load\" src=\"data:image\/svg+xml,%3Csvg%20xmlns%3D&#39;http%3A%2F%2Fwww.w3.org%2F2000%2Fsvg&#39;%20viewBox%3D&#39;0%200%20900%20600&#39;%2F%3E\" data-src=\"https:\/\/viaregia-sachsen.de\/wp-content\/uploads\/2022\/10\/Via-Regia-Begegnungsorte-Hessen-900x600.jpeg\" data-srcset=\"https:\/\/viaregia-sachsen.de\/wp-content\/uploads\/2022\/10\/Via-Regia-Begegnungsorte-Hessen-900x600.jpeg 900w, https:\/\/viaregia-sachsen.de\/wp-content\/uploads\/2022\/10\/Via-Regia-Begegnungsorte-Hessen-1800x1200.jpeg 1800w\" width=\"900\" height=\"600\"  data-dt-location=\"https:\/\/viaregia-sachsen.de\/en\/home-2\/via-regia-begegnungsorte-hessen\/\" alt=\"Via Regia Begegnungsorte Hessen\" \/><\/a><\/div><\/div><\/div><style type=\"text\/css\" data-type=\"the7_shortcodes-inline-css\">#default-btn-58f2a66ff687d019a83892c9506e70a9.ico-right-side > i {\n  margin-right: 0px;\n  margin-left: 8px;\n}\n#default-btn-58f2a66ff687d019a83892c9506e70a9 > i {\n  margin-right: 8px;\n}\n<\/style><div class=\"btn-align-left\"><a href=\"http:\/\/viaregia-sachsen.de\/begegnungsorte\/begegnungsort-hessen\/\" class=\"default-btn-shortcode dt-btn dt-btn-m link-hover-off smBtnFont full-width-btn \" id=\"default-btn-58f2a66ff687d019a83892c9506e70a9\" title=\"Via Regia Begegnungsort Hessen\"><span>Via Regia Hessen (D)<\/span><\/a><\/div>[\/vc_column][vc_column width=&#8221;1\/4&#8243;]<style type=\"text\/css\" data-type=\"the7_shortcodes-inline-css\">.shortcode-single-image-wrap.shortcode-single-image-a99ace60527666323899c61c0cfaf54e.enable-bg-rollover .rollover i,\n.shortcode-single-image-wrap.shortcode-single-image-a99ace60527666323899c61c0cfaf54e.enable-bg-rollover .rollover-video i {\n  background: -webkit-linear-gradient();\n  background: linear-gradient();\n}\n.shortcode-single-image-wrap.shortcode-single-image-a99ace60527666323899c61c0cfaf54e .rollover-icon {\n  font-size: 32px;\n  color: #ffffff;\n  min-width: 44px;\n  min-height: 44px;\n  line-height: 44px;\n  border-radius: 100px;\n  border-style: solid;\n  border-width: 0px;\n}\n.dt-icon-bg-on.shortcode-single-image-wrap.shortcode-single-image-a99ace60527666323899c61c0cfaf54e .rollover-icon {\n  background: rgba(255,255,255,0.3);\n  box-shadow: none;\n}\n<\/style><div class=\"shortcode-single-image-wrap shortcode-single-image-a99ace60527666323899c61c0cfaf54e alignnone  vc_custom_1665243805034 enable-bg-rollover dt-icon-bg-off\" ><div class=\"shortcode-single-image\"><div class=\"fancy-media-wrap\" style=\"\"><a href=\"https:\/\/viaregia-sachsen.de\/begegnungsorte\/begegnungsort-thueringen\/\" class=\" layzr-bg rollover\" style=\"\" aria-label=\"Image\"><img loading=\"lazy\" decoding=\"async\" class=\"preload-me lazy-load\" src=\"data:image\/svg+xml,%3Csvg%20xmlns%3D&#39;http%3A%2F%2Fwww.w3.org%2F2000%2Fsvg&#39;%20viewBox%3D&#39;0%200%20900%20600&#39;%2F%3E\" data-src=\"https:\/\/viaregia-sachsen.de\/wp-content\/uploads\/2022\/10\/Via-Regia-Begegnungsorte-Thueringen-Kraemerbruecke-Erfurt-900x600.png\" data-srcset=\"https:\/\/viaregia-sachsen.de\/wp-content\/uploads\/2022\/10\/Via-Regia-Begegnungsorte-Thueringen-Kraemerbruecke-Erfurt-900x600.png 900w, https:\/\/viaregia-sachsen.de\/wp-content\/uploads\/2022\/10\/Via-Regia-Begegnungsorte-Thueringen-Kraemerbruecke-Erfurt-1017x678.png 1017w\" width=\"900\" height=\"600\"  data-dt-location=\"https:\/\/viaregia-sachsen.de\/en\/home-2\/via-regia-begegnungsorte-thueringen-kraemerbruecke-erfurt\/\" alt=\"Via Regia Begegnungsorte Th\u00fcringen Kr\u00e4merbr\u00fccke Erfurt\" \/><\/a><\/div><\/div><\/div><style type=\"text\/css\" data-type=\"the7_shortcodes-inline-css\">#default-btn-8390d7b3c1b2f6b4a5abaac98de5367a.ico-right-side > i {\n  margin-right: 0px;\n  margin-left: 8px;\n}\n#default-btn-8390d7b3c1b2f6b4a5abaac98de5367a > i {\n  margin-right: 8px;\n}\n<\/style><div class=\"btn-align-left\"><a href=\"http:\/\/viaregia-sachsen.de\/begegnungsorte\/begegnungsort-thueringen\/\" class=\"default-btn-shortcode dt-btn dt-btn-m link-hover-off smBtnFont full-width-btn \" id=\"default-btn-8390d7b3c1b2f6b4a5abaac98de5367a\" title=\"Via Regia Begegnungsort Th\u00fcringen\"><span>Via Regia Th\u00fcringen (D)<\/span><\/a><\/div>[\/vc_column][vc_column width=&#8221;1\/4&#8243;]<style type=\"text\/css\" data-type=\"the7_shortcodes-inline-css\">.shortcode-single-image-wrap.shortcode-single-image-09a2e6e83f54e29984dfbaf64ff285fb.enable-bg-rollover .rollover i,\n.shortcode-single-image-wrap.shortcode-single-image-09a2e6e83f54e29984dfbaf64ff285fb.enable-bg-rollover .rollover-video i {\n  background: -webkit-linear-gradient();\n  background: linear-gradient();\n}\n.shortcode-single-image-wrap.shortcode-single-image-09a2e6e83f54e29984dfbaf64ff285fb .rollover-icon {\n  font-size: 32px;\n  color: #ffffff;\n  min-width: 44px;\n  min-height: 44px;\n  line-height: 44px;\n  border-radius: 100px;\n  border-style: solid;\n  border-width: 0px;\n}\n.dt-icon-bg-on.shortcode-single-image-wrap.shortcode-single-image-09a2e6e83f54e29984dfbaf64ff285fb .rollover-icon {\n  background: rgba(255,255,255,0.3);\n  box-shadow: none;\n}\n<\/style><div class=\"shortcode-single-image-wrap shortcode-single-image-09a2e6e83f54e29984dfbaf64ff285fb alignnone  vc_custom_1665243828634 enable-bg-rollover dt-icon-bg-off\" ><div class=\"shortcode-single-image\"><div class=\"fancy-media-wrap\" style=\"\"><a href=\"https:\/\/viaregia-sachsen.de\/begegnungsorte\/begegnungsort-sachsen\/\" class=\" layzr-bg rollover\" style=\"\" aria-label=\"Image\"><img loading=\"lazy\" decoding=\"async\" class=\"preload-me lazy-load\" src=\"data:image\/svg+xml,%3Csvg%20xmlns%3D&#39;http%3A%2F%2Fwww.w3.org%2F2000%2Fsvg&#39;%20viewBox%3D&#39;0%200%20900%20600&#39;%2F%3E\" data-src=\"https:\/\/viaregia-sachsen.de\/wp-content\/uploads\/2022\/10\/Via-Regia-Begegnungsorte-Sachsen-St.-Aegidien-scaled-900x600.jpg\" data-srcset=\"https:\/\/viaregia-sachsen.de\/wp-content\/uploads\/2022\/10\/Via-Regia-Begegnungsorte-Sachsen-St.-Aegidien-scaled-900x600.jpg 900w, https:\/\/viaregia-sachsen.de\/wp-content\/uploads\/2022\/10\/Via-Regia-Begegnungsorte-Sachsen-St.-Aegidien-scaled-1800x1200.jpg 1800w\" width=\"900\" height=\"600\"  data-dt-location=\"https:\/\/viaregia-sachsen.de\/en\/home-2\/via-regia-begegnungsorte-sachsen-st-aegidien\/\" alt=\"Via Regia Begegnungsorte Sachsen St. Aegidien\" \/><\/a><\/div><\/div><\/div><style type=\"text\/css\" data-type=\"the7_shortcodes-inline-css\">#default-btn-f7ad15e513a85b23fef111fe87fd4bab.ico-right-side > i {\n  margin-right: 0px;\n  margin-left: 8px;\n}\n#default-btn-f7ad15e513a85b23fef111fe87fd4bab > i {\n  margin-right: 8px;\n}\n<\/style><div class=\"btn-align-left\"><a href=\"http:\/\/viaregia-sachsen.de\/begegnungsorte\/begegnungsort-sachsen\/\" class=\"default-btn-shortcode dt-btn dt-btn-m link-hover-off smBtnFont full-width-btn \" id=\"default-btn-f7ad15e513a85b23fef111fe87fd4bab\" title=\"Via Regia Begegnungsort Sachsen (D)\"><span>Via Regia Sachsen (D)<\/span><\/a><\/div>[\/vc_column][vc_column width=&#8221;1\/4&#8243;]<style type=\"text\/css\" data-type=\"the7_shortcodes-inline-css\">.shortcode-single-image-wrap.shortcode-single-image-71fb2172d2ed6f2e09981120923ddcc5.enable-bg-rollover .rollover i,\n.shortcode-single-image-wrap.shortcode-single-image-71fb2172d2ed6f2e09981120923ddcc5.enable-bg-rollover .rollover-video i {\n  background: -webkit-linear-gradient();\n  background: linear-gradient();\n}\n.shortcode-single-image-wrap.shortcode-single-image-71fb2172d2ed6f2e09981120923ddcc5 .rollover-icon {\n  font-size: 32px;\n  color: #ffffff;\n  min-width: 44px;\n  min-height: 44px;\n  line-height: 44px;\n  border-radius: 100px;\n  border-style: solid;\n  border-width: 0px;\n}\n.dt-icon-bg-on.shortcode-single-image-wrap.shortcode-single-image-71fb2172d2ed6f2e09981120923ddcc5 .rollover-icon {\n  background: rgba(255,255,255,0.3);\n  box-shadow: none;\n}\n<\/style><div class=\"shortcode-single-image-wrap shortcode-single-image-71fb2172d2ed6f2e09981120923ddcc5 alignnone  vc_custom_1665243853517 enable-bg-rollover dt-icon-bg-off\" ><div class=\"shortcode-single-image\"><div class=\"fancy-media-wrap\" style=\"\"><a href=\"https:\/\/viaregia-sachsen.de\/begegnungsorte\/begegnungsort-niederschlesien\/\" class=\" layzr-bg rollover\" style=\"\" aria-label=\"Image\"><img loading=\"lazy\" decoding=\"async\" class=\"preload-me lazy-load\" src=\"data:image\/svg+xml,%3Csvg%20xmlns%3D&#39;http%3A%2F%2Fwww.w3.org%2F2000%2Fsvg&#39;%20viewBox%3D&#39;0%200%20576%20384&#39;%2F%3E\" data-src=\"https:\/\/viaregia-sachsen.de\/wp-content\/uploads\/2022\/10\/Via-Regia-Begegnungsorte-Niedersachsen-vorVerkaufsstand-576x384.jpg\" data-srcset=\"https:\/\/viaregia-sachsen.de\/wp-content\/uploads\/2022\/10\/Via-Regia-Begegnungsorte-Niedersachsen-vorVerkaufsstand-576x384.jpg 576w\" width=\"576\" height=\"384\"  data-dt-location=\"https:\/\/viaregia-sachsen.de\/en\/home-2\/via-regia-begegnungsorte-niedersachsen-vorverkaufsstand\/\" alt=\"Via Regia Begegnungsorte Niedersachsen vorVerkaufsstand\" \/><\/a><\/div><\/div><\/div><style type=\"text\/css\" data-type=\"the7_shortcodes-inline-css\">#default-btn-f035d6cd2f5644c77c93c3f9922f173e.ico-right-side > i {\n  margin-right: 0px;\n  margin-left: 8px;\n}\n#default-btn-f035d6cd2f5644c77c93c3f9922f173e > i {\n  margin-right: 8px;\n}\n<\/style><div class=\"btn-align-left\"><a href=\"http:\/\/viaregia-sachsen.de\/begegnungsorte\/begegnungsort-niederschlesien\/\" class=\"default-btn-shortcode dt-btn dt-btn-m link-hover-off smBtnFont \" id=\"default-btn-f035d6cd2f5644c77c93c3f9922f173e\" title=\"Via Regia Begegnungsort Niederschlesien (PL)\"><span>Via Regia Niederschlesien (PL)<\/span><\/a><\/div>[\/vc_column][\/vc_row][vc_row][vc_column][vc_empty_space][\/vc_column][\/vc_row]<\/p>\n<\/div>","protected":false},"excerpt":{"rendered":"<p>[vc_row][vc_column][\/vc_column][\/vc_row][vc_row bg_type=&#8221;bg_color&#8221; bg_color_value=&#8221;#ffffff&#8221;][vc_column][vc_column_text]&#8221;In the beginning was the road&#8230;.&#8221; Prof. Karlheinz Blaschke (Historian, 1927-2020) &nbsp; The historical cultural and trade route VIA REGIA has been certified as a cultural route of the Council of Europe since 2005. It crosses Europe from west to east over 4500 km and takes its course from Santiago de Compostela (SP)&hellip;<\/p>\n","protected":false},"author":1,"featured_media":0,"parent":0,"menu_order":0,"comment_status":"closed","ping_status":"closed","template":"","meta":{"footnotes":""},"class_list":["post-1393","page","type-page","status-publish","hentry","description-off"],"_links":{"self":[{"href":"https:\/\/viaregia-sachsen.de\/en\/wp-json\/wp\/v2\/pages\/1393","targetHints":{"allow":["GET"]}}],"collection":[{"href":"https:\/\/viaregia-sachsen.de\/en\/wp-json\/wp\/v2\/pages"}],"about":[{"href":"https:\/\/viaregia-sachsen.de\/en\/wp-json\/wp\/v2\/types\/page"}],"author":[{"embeddable":true,"href":"https:\/\/viaregia-sachsen.de\/en\/wp-json\/wp\/v2\/users\/1"}],"replies":[{"embeddable":true,"href":"https:\/\/viaregia-sachsen.de\/en\/wp-json\/wp\/v2\/comments?post=1393"}],"version-history":[{"count":1,"href":"https:\/\/viaregia-sachsen.de\/en\/wp-json\/wp\/v2\/pages\/1393\/revisions"}],"predecessor-version":[{"id":5977,"href":"https:\/\/viaregia-sachsen.de\/en\/wp-json\/wp\/v2\/pages\/1393\/revisions\/5977"}],"wp:attachment":[{"href":"https:\/\/viaregia-sachsen.de\/en\/wp-json\/wp\/v2\/media?parent=1393"}],"curies":[{"name":"wp","href":"https:\/\/api.w.org\/{rel}","templated":true}]}}